{"id":4394,"date":"2020-12-11T09:28:34","date_gmt":"2020-12-11T09:28:34","guid":{"rendered":"http:\/\/hotel-kolovare.com\/weddings\/"},"modified":"2021-01-12T10:19:09","modified_gmt":"2021-01-12T10:19:09","slug":"weddings","status":"publish","type":"page","link":"https:\/\/hotel-kolovare.com\/hr\/weddings\/","title":{"rendered":"Vjen\u010danja"},"content":{"rendered":"<p>[vc_row full_width=&#8221;stretch_row_content_no_spaces&#8221; equal_height=&#8221;yes&#8221; css=&#8221;{}&#8221; uniqid=&#8221;5fdb3074c7707&#8243;][vc_column width=&#8221;1\/2&#8243; css=&#8221;{}&#8221; uniqid=&#8221;5fdb317599f0f&#8221; background_image=&#8221;3990&#8243; el_class=&#8221;min-height-col&#8221;][\/vc_column][vc_column width=&#8221;1\/2&#8243;][vc_column_text css=&#8221;{&#8220;mobile_portrait&#8220;: {&#8220;padding-top&#8220;: &#8220;50&#8220;,&#8220;padding-right&#8220;: &#8220;50&#8220;,&#8220;padding-bottom&#8220;: &#8220;50&#8220;,&#8220;padding-left&#8220;: &#8220;50&#8220;}}&#8221; uniqid=&#8221;5fdb2f9c7a062&#8243;]Jedinstvena lokacija, vrhunska gastronomska ponuda, profesionalna usluga i briga posve\u0107ena detaljima \u010dine Hotel Kolovare idealnim mjestom za va\u0161e vjen\u010danje iz snova.<\/p>\n<p>Bit \u0107e nam zadovoljstvo upoznati vas s na\u0161om ponudom, bilo da \u017eelite intiman obred u privatnosti ili galantni prijem. Mi vas ne\u0107emo iznevjeriti. U ugodnoj atmosferi i neobvezatnom razgovoru s na\u0161im stru\u010dnim timom uvjerite se da je Hotel Kolovare idealno mjesto po\u010detka va\u0161eg zajedni\u010dkog \u017eivota.[\/vc_column_text][\/vc_column][\/vc_row][vc_row][vc_column][vc_column_text css=&#8221;{}&#8221; uniqid=&#8221;5fdb3996528f2&#8243;]<strong>VELIKA DVORANA<\/strong> romanti\u010dan je i ekskluzivan ambijent restorana Kolovare. Nalazi se na prvom katu hotela, a mo\u017ee primiti do 250 osoba. Upotpunit \u0107e va\u0161 sve\u010dani trenutak i odu\u0161eviti vas interijerom i ozra\u010djem. Zapo\u010dnite s pi\u0107em dobrodo\u0161lice na bazenu hotela uz nezaboravan pogled na Zadarski kanal.<\/p>\n<p><strong>MALA DVORANA<\/strong>\u00a0elegantno je ure\u0111ena dvorana koja mo\u017ee primiti do 90 osoba i idealno je mjesto organizacije va\u0161e svadbene sve\u010danosti. U\u017eivajte u posebno dizajniranoj rasvjeti te odaberite svoju \u017eeljenu boju koja \u0107e diskretno osvjetljivati dvoranu i upotpuniti cjelokupan do\u017eivljaj. Pi\u0107e dobrodo\u0161lice bit \u0107e poslu\u017eeno na bazenu hotela uz nezaboravan pogled na \u010darobno svjetlucanje mora koje \u0107e o\u017eivjeti va\u0161u bajku. Priu\u0161tite si luksuz i u\u017eivajte u ambijentu za sje\u0107anje!<\/p>\n<p><strong>POKLON HOTELA<\/strong><\/p>\n<ul>\n<li>navlake za stolice s ma\u0161nama (bijele)<\/li>\n<li>kori\u0161tenje hotelskih sefova<\/li>\n<li>deluxe apartman za mladence s doru\u010dkom u sobi i kasnom odjavom<\/li>\n<li>besplatan parking za Va\u0161e uzvanike<\/li>\n<li>boca pjenu\u0161ca u sobi<\/li>\n<li>plesni podij i pozornica za band<\/li>\n<li>posebne cijene smje\u0161taja za uzvanike.<\/li>\n<\/ul>\n<p>Osiguravamo zdravstvenu ispravnost i kvalitetu namirnica po standardu HACCP-a.[\/vc_column_text][vc_empty_space][\/vc_column][\/vc_row][vc_row][vc_column][vc_media_grid element_width=&#8221;3&#8243; grid_id=&#8221;vc_gid:1610446739786-e12abdff-81d4-6&#8243; include=&#8221;4530,4532,4534,4536,4538,4540,4542,4544,4546,4548,4550,4552,4554,4556,4558&#8243;][vc_empty_space][\/vc_column][\/vc_row]<\/p>\n","protected":false},"excerpt":{"rendered":"<p>[vc_row full_width=&#8221;stretch_row_content_no_spaces&#8221; equal_height=&#8221;yes&#8221; css=&#8221;{}&#8221; uniqid=&#8221;5fdb3074c7707&#8243;][vc_column width=&#8221;1\/2&#8243; css=&#8221;{}&#8221; uniqid=&#8221;5fdb317599f0f&#8221; background_image=&#8221;3990&#8243; el_class=&#8221;min-height-col&#8221;][\/vc_column][vc_column width=&#8221;1\/2&#8243;][vc_column_text css=&#8221;{&#8220;mobile_portrait&#8220;: {&#8220;padding-top&#8220;: &#8220;50&#8220;,&#8220;padding-right&#8220;: &#8220;50&#8220;,&#8220;padding-bottom&#8220;: &#8220;50&#8220;,&#8220;padding-left&#8220;: &#8220;50&#8220;}}&#8221; uniqid=&#8221;5fdb2f9c7a062&#8243;]Jedinstvena lokacija, vrhunska gastronomska ponuda, profesionalna usluga i briga posve\u0107ena detaljima \u010dine Hotel Kolovare idealnim mjestom za va\u0161e vjen\u010danje iz snova. Bit \u0107e nam zadovoljstvo upoznati vas s na\u0161om ponudom, bilo da \u017eelite intiman obred u privatnosti ili [&hellip;]<\/p>\n","protected":false},"author":1,"featured_media":0,"parent":0,"menu_order":0,"comment_status":"closed","ping_status":"closed","template":"","meta":[],"yoast_head":"<!-- This site is optimized with the Yoast SEO plugin v15.6.2 - https:\/\/yoast.com\/wordpress\/plugins\/seo\/ -->\n<title>Vjen\u010danja - Hotel Kolovare<\/title>\n<meta name=\"robots\" content=\"index, follow, max-snippet:-1, max-image-preview:large, max-video-preview:-1\" \/>\n<link rel=\"canonical\" href=\"https:\/\/hotel-kolovare.com\/hr\/weddings\/\" \/>\n<meta property=\"og:locale\" content=\"hr_HR\" \/>\n<meta property=\"og:type\" content=\"article\" \/>\n<meta property=\"og:title\" content=\"Vjen\u010danja - Hotel Kolovare\" \/>\n<meta property=\"og:description\" content=\"[vc_row full_width=&#8221;stretch_row_content_no_spaces&#8221; equal_height=&#8221;yes&#8221; css=&#8221;{}&#8221; uniqid=&#8221;5fdb3074c7707&#8243;][vc_column width=&#8221;1\/2&#8243; css=&#8221;{}&#8221; uniqid=&#8221;5fdb317599f0f&#8221; background_image=&#8221;3990&#8243; el_class=&#8221;min-height-col&#8221;][\/vc_column][vc_column width=&#8221;1\/2&#8243;][vc_column_text css=&#8221;{&#8220;mobile_portrait&#8220;: {&#8220;padding-top&#8220;: &#8220;50&#8220;,&#8220;padding-right&#8220;: &#8220;50&#8220;,&#8220;padding-bottom&#8220;: &#8220;50&#8220;,&#8220;padding-left&#8220;: &#8220;50&#8220;}}&#8221; uniqid=&#8221;5fdb2f9c7a062&#8243;]Jedinstvena lokacija, vrhunska gastronomska ponuda, profesionalna usluga i briga posve\u0107ena detaljima \u010dine Hotel Kolovare idealnim mjestom za va\u0161e vjen\u010danje iz snova. Bit \u0107e nam zadovoljstvo upoznati vas s na\u0161om ponudom, bilo da \u017eelite intiman obred u privatnosti ili [&hellip;]\" \/>\n<meta property=\"og:url\" content=\"https:\/\/hotel-kolovare.com\/hr\/weddings\/\" \/>\n<meta property=\"og:site_name\" content=\"Hotel Kolovare\" \/>\n<meta property=\"article:modified_time\" content=\"2021-01-12T10:19:09+00:00\" \/>\n<meta name=\"twitter:card\" content=\"summary_large_image\" \/>\n<meta name=\"twitter:label1\" content=\"Procijenjeno vrijeme \u010ditanja\">\n\t<meta name=\"twitter:data1\" content=\"2 minute\">\n<script type=\"application\/ld+json\" class=\"yoast-schema-graph\">{\"@context\":\"https:\/\/schema.org\",\"@graph\":[{\"@type\":\"WebSite\",\"@id\":\"https:\/\/hotel-kolovare.com\/#website\",\"url\":\"https:\/\/hotel-kolovare.com\/\",\"name\":\"Hotel Kolovare\",\"description\":\"Welcome to Hotel Kolovare Zadar\",\"potentialAction\":[{\"@type\":\"SearchAction\",\"target\":\"https:\/\/hotel-kolovare.com\/?s={search_term_string}\",\"query-input\":\"required name=search_term_string\"}],\"inLanguage\":\"hr\"},{\"@type\":\"WebPage\",\"@id\":\"https:\/\/hotel-kolovare.com\/hr\/weddings\/#webpage\",\"url\":\"https:\/\/hotel-kolovare.com\/hr\/weddings\/\",\"name\":\"Vjen\\u010danja - Hotel Kolovare\",\"isPartOf\":{\"@id\":\"https:\/\/hotel-kolovare.com\/#website\"},\"datePublished\":\"2020-12-11T09:28:34+00:00\",\"dateModified\":\"2021-01-12T10:19:09+00:00\",\"inLanguage\":\"hr\",\"potentialAction\":[{\"@type\":\"ReadAction\",\"target\":[\"https:\/\/hotel-kolovare.com\/hr\/weddings\/\"]}]}]}<\/script>\n<!-- \/ Yoast SEO plugin. -->","_links":{"self":[{"href":"https:\/\/hotel-kolovare.com\/hr\/wp-json\/wp\/v2\/pages\/4394"}],"collection":[{"href":"https:\/\/hotel-kolovare.com\/hr\/wp-json\/wp\/v2\/pages"}],"about":[{"href":"https:\/\/hotel-kolovare.com\/hr\/wp-json\/wp\/v2\/types\/page"}],"author":[{"embeddable":true,"href":"https:\/\/hotel-kolovare.com\/hr\/wp-json\/wp\/v2\/users\/1"}],"replies":[{"embeddable":true,"href":"https:\/\/hotel-kolovare.com\/hr\/wp-json\/wp\/v2\/comments?post=4394"}],"version-history":[{"count":4,"href":"https:\/\/hotel-kolovare.com\/hr\/wp-json\/wp\/v2\/pages\/4394\/revisions"}],"predecessor-version":[{"id":4561,"href":"https:\/\/hotel-kolovare.com\/hr\/wp-json\/wp\/v2\/pages\/4394\/revisions\/4561"}],"wp:attachment":[{"href":"https:\/\/hotel-kolovare.com\/hr\/wp-json\/wp\/v2\/media?parent=4394"}],"curies":[{"name":"wp","href":"https:\/\/api.w.org\/{rel}","templated":true}]}}