{"id":4389,"date":"2020-12-11T09:28:22","date_gmt":"2020-12-11T09:28:22","guid":{"rendered":"http:\/\/hotel-kolovare.com\/restaurants\/"},"modified":"2021-01-12T09:40:57","modified_gmt":"2021-01-12T09:40:57","slug":"restaurants","status":"publish","type":"page","link":"https:\/\/hotel-kolovare.com\/hr\/restaurants\/","title":{"rendered":"Restorani"},"content":{"rendered":"<p>[vc_row][vc_column width=&#8221;1\/6&#8243;][\/vc_column][vc_column width=&#8221;2\/3&#8243;][vc_empty_space][vc_column_text css=&#8221;{}&#8221; uniqid=&#8221;5fdb3cc2811a5&#8243;]U restoranima Hotela Kolovare mo\u017eete u\u017eivati u vrhunskoj gastronomskoj ponudi i usluzi. Ugodna atmosfera Hotela Kolovare, vrhunska kuhinja te odabir i prilagodba prostora \u017eeljama gostiju omogu\u0107uju organizaciju doga\u0111anja na najvi\u0161em nivou. Velik izbor nacionalnih i internacionalnih jela te \u0161iroka paleta vrhunskih vina iz bogate vinske karte osvojit \u0107e i najistan\u010daniji ukus.[\/vc_column_text][vc_empty_space][\/vc_column][vc_column width=&#8221;1\/6&#8243;][\/vc_column][\/vc_row][vc_row full_width=&#8221;stretch_row_content_no_spaces&#8221; equal_height=&#8221;yes&#8221; css=&#8221;{}&#8221; uniqid=&#8221;5fdb3074c7707&#8243;][vc_column width=&#8221;1\/2&#8243; css=&#8221;{}&#8221; uniqid=&#8221;5fdb317599f0f&#8221; background_image=&#8221;4003&#8243; el_class=&#8221;min-height-col&#8221;][\/vc_column][vc_column width=&#8221;1\/2&#8243;][vc_column_text css=&#8221;{&#8220;mobile_portrait&#8220;: {&#8220;padding-top&#8220;: &#8220;50&#8220;,&#8220;padding-right&#8220;: &#8220;50&#8220;,&#8220;padding-bottom&#8220;: &#8220;50&#8220;,&#8220;padding-left&#8220;: &#8220;50&#8220;}}&#8221; uniqid=&#8221;5fdb2f9c7a062&#8243;]<\/p>\n<h2><strong>\u00c0 la carte restoran<\/strong><\/h2>\n<p>\u00c0 la carte restoran oboga\u0107uje ponudu hotela u odr\u017eavanju raznih domjenaka te sve\u010danih i poslovnih ru\u010dkova i ve\u010dera, sve do vjen\u010danja i novogodi\u0161njih do\u010deka. Nalazi se u sklopu vinoteke koja nudi velik izbor doma\u0107ih vina iz svih dijelova Hrvatske te stranih vina, me\u0111u kojima se posebno isti\u010du ona iz Austrije, Italije, \u0160panjolske, Francuske i SAD-a. U ugodnoj atmosferi gosti imaju priliku u\u017eivati u degustaciji vina za koju, prema potrebi ili zahtjevu, mo\u017eemo anga\u017eirati somelijera koji \u0107e upotpuniti njihov gastronomski do\u017eivljaj.<\/p>\n<p>Budu\u0107i da se restoran nalazi odmah do konferencijske dvorane, idealan je za manje zakuske u pauzama izme\u0111u predavanja.<\/p>\n<p>U \u00e0 la carte restoranu je 50 sjede\u0107ih mjesta, a za organizaciju doga\u0111anja za ve\u0107i broj sudionika, restoran povezujemo s novom vi\u0161enamjenskom konferencijskom dvoranom ili, ukoliko nam vremenske prilike dopuste, s terasom uz bazen.[\/vc_column_text][\/vc_column][\/vc_row][vc_row full_width=&#8221;stretch_row_content_no_spaces&#8221; equal_height=&#8221;yes&#8221; css=&#8221;{}&#8221; uniqid=&#8221;5fdb31bfbf482&#8243;][vc_column width=&#8221;1\/2&#8243;][vc_column_text css=&#8221;{&#8220;mobile_portrait&#8220;: {&#8220;padding-top&#8220;: &#8220;50&#8220;,&#8220;padding-right&#8220;: &#8220;50&#8220;,&#8220;padding-bottom&#8220;: &#8220;50&#8220;,&#8220;padding-left&#8220;: &#8220;50&#8220;}}&#8221; uniqid=&#8221;5fdb2fb3ed62c&#8221;]<\/p>\n<h2>Pansionski restoran<\/h2>\n<p>U pansionskom restoranu, s 250 sjede\u0107ih mjesta, poslu\u017euje se doru\u010dak za sve goste hotela te ru\u010dkovi i ve\u010dere za goste koji imaju uslugu punog pansiona ili polupansiona.<\/p>\n<p>Vrijeme poslu\u017eivanja obroka:<\/p>\n<ul>\n<li>doru\u010dak: 7,00 \u2013 10,00<\/li>\n<li>ru\u010dak: 12,00 \u2013 14,30<\/li>\n<li>ve\u010dera: 19,00 \u2013 21,30<\/li>\n<\/ul>\n<p>Naravno, prema potrebi i ovaj se restoran mo\u017ee prenamijeniti u konferencijsku dvoranu ako se radi o seminaru s velikim brojem sudionika, ili pak u salu za vjen\u010danje, novogodi\u0161nji do\u010dek ili kakav sve\u010dani domjenak.[\/vc_column_text][\/vc_column][vc_column width=&#8221;1\/2&#8243; css=&#8221;{}&#8221; uniqid=&#8221;5fdb31ee0f6fa&#8221; background_image=&#8221;4008&#8243; el_class=&#8221;min-height-col&#8221;][\/vc_column][\/vc_row][vc_row][vc_column width=&#8221;1\/6&#8243;][\/vc_column][vc_column width=&#8221;2\/3&#8243;][vc_empty_space][vc_column_text css=&#8221;{}&#8221; uniqid=&#8221;5fdb3cea4bdd8&#8243;]Izvrsna ponuda, prilago\u0111ena svim vrstama doga\u0111anja, i iznimna ljubaznost na\u0161eg osoblja odu\u0161evit \u0107e Vas i Va\u0161e poslovne partnere te zasigurno pridonijeti uspjehu Va\u0161ih poslovnih sastanaka i kongresa. Vrsni kuhari Hotela Kolovare udovoljit \u0107e svim Va\u0161im posebnim \u017eeljama u pripremanju \u0161iroke palete jela \u2013 od klasi\u010dnih specijaliteta do noviteta iz svjetske gastronomske ponude.<\/p>\n<p>Mnogi zadovoljni gosti uvijek nam se iznova vra\u0107aju a upravo je to najbolja pohvala i najuvjerljivija potvrda visoke razine usluga koje Hotel Kolovare nudi.[\/vc_column_text][vc_empty_space][\/vc_column][vc_column width=&#8221;1\/6&#8243;][\/vc_column][\/vc_row][vc_row][vc_column][vc_media_grid element_width=&#8221;3&#8243; grid_id=&#8221;vc_gid:1610444322635-c97b3ddb-838a-9&#8243; include=&#8221;4506,4508,4510,4512,4514,4516,4518,4520,4522,4524&#8243;][vc_empty_space][\/vc_column][\/vc_row]<\/p>\n","protected":false},"excerpt":{"rendered":"<p>[vc_row][vc_column width=&#8221;1\/6&#8243;][\/vc_column][vc_column width=&#8221;2\/3&#8243;][vc_empty_space][vc_column_text css=&#8221;{}&#8221; uniqid=&#8221;5fdb3cc2811a5&#8243;]U restoranima Hotela Kolovare mo\u017eete u\u017eivati u vrhunskoj gastronomskoj ponudi i usluzi. Ugodna atmosfera Hotela Kolovare, vrhunska kuhinja te odabir i prilagodba prostora \u017eeljama gostiju omogu\u0107uju organizaciju doga\u0111anja na najvi\u0161em nivou. Velik izbor nacionalnih i internacionalnih jela te \u0161iroka paleta vrhunskih vina iz bogate vinske karte osvojit \u0107e i najistan\u010daniji ukus.[\/vc_column_text][vc_empty_space][\/vc_column][vc_column [&hellip;]<\/p>\n","protected":false},"author":1,"featured_media":0,"parent":0,"menu_order":0,"comment_status":"closed","ping_status":"closed","template":"","meta":[],"yoast_head":"<!-- This site is optimized with the Yoast SEO plugin v15.6.2 - https:\/\/yoast.com\/wordpress\/plugins\/seo\/ -->\n<title>Restorani - Hotel Kolovare<\/title>\n<meta name=\"robots\" content=\"index, follow, max-snippet:-1, max-image-preview:large, max-video-preview:-1\" \/>\n<link rel=\"canonical\" href=\"https:\/\/hotel-kolovare.com\/hr\/restaurants\/\" \/>\n<meta property=\"og:locale\" content=\"hr_HR\" \/>\n<meta property=\"og:type\" content=\"article\" \/>\n<meta property=\"og:title\" content=\"Restorani - Hotel Kolovare\" \/>\n<meta property=\"og:description\" content=\"[vc_row][vc_column width=&#8221;1\/6&#8243;][\/vc_column][vc_column width=&#8221;2\/3&#8243;][vc_empty_space][vc_column_text css=&#8221;{}&#8221; uniqid=&#8221;5fdb3cc2811a5&#8243;]U restoranima Hotela Kolovare mo\u017eete u\u017eivati u vrhunskoj gastronomskoj ponudi i usluzi. Ugodna atmosfera Hotela Kolovare, vrhunska kuhinja te odabir i prilagodba prostora \u017eeljama gostiju omogu\u0107uju organizaciju doga\u0111anja na najvi\u0161em nivou. Velik izbor nacionalnih i internacionalnih jela te \u0161iroka paleta vrhunskih vina iz bogate vinske karte osvojit \u0107e i najistan\u010daniji ukus.[\/vc_column_text][vc_empty_space][\/vc_column][vc_column [&hellip;]\" \/>\n<meta property=\"og:url\" content=\"https:\/\/hotel-kolovare.com\/hr\/restaurants\/\" \/>\n<meta property=\"og:site_name\" content=\"Hotel Kolovare\" \/>\n<meta property=\"article:modified_time\" content=\"2021-01-12T09:40:57+00:00\" \/>\n<meta name=\"twitter:card\" content=\"summary_large_image\" \/>\n<meta name=\"twitter:label1\" content=\"Procijenjeno vrijeme \u010ditanja\">\n\t<meta name=\"twitter:data1\" content=\"3 minute\">\n<script type=\"application\/ld+json\" class=\"yoast-schema-graph\">{\"@context\":\"https:\/\/schema.org\",\"@graph\":[{\"@type\":\"WebSite\",\"@id\":\"https:\/\/hotel-kolovare.com\/#website\",\"url\":\"https:\/\/hotel-kolovare.com\/\",\"name\":\"Hotel Kolovare\",\"description\":\"Welcome to Hotel Kolovare Zadar\",\"potentialAction\":[{\"@type\":\"SearchAction\",\"target\":\"https:\/\/hotel-kolovare.com\/?s={search_term_string}\",\"query-input\":\"required name=search_term_string\"}],\"inLanguage\":\"hr\"},{\"@type\":\"WebPage\",\"@id\":\"https:\/\/hotel-kolovare.com\/hr\/restaurants\/#webpage\",\"url\":\"https:\/\/hotel-kolovare.com\/hr\/restaurants\/\",\"name\":\"Restorani - Hotel Kolovare\",\"isPartOf\":{\"@id\":\"https:\/\/hotel-kolovare.com\/#website\"},\"datePublished\":\"2020-12-11T09:28:22+00:00\",\"dateModified\":\"2021-01-12T09:40:57+00:00\",\"inLanguage\":\"hr\",\"potentialAction\":[{\"@type\":\"ReadAction\",\"target\":[\"https:\/\/hotel-kolovare.com\/hr\/restaurants\/\"]}]}]}<\/script>\n<!-- \/ Yoast SEO plugin. -->","_links":{"self":[{"href":"https:\/\/hotel-kolovare.com\/hr\/wp-json\/wp\/v2\/pages\/4389"}],"collection":[{"href":"https:\/\/hotel-kolovare.com\/hr\/wp-json\/wp\/v2\/pages"}],"about":[{"href":"https:\/\/hotel-kolovare.com\/hr\/wp-json\/wp\/v2\/types\/page"}],"author":[{"embeddable":true,"href":"https:\/\/hotel-kolovare.com\/hr\/wp-json\/wp\/v2\/users\/1"}],"replies":[{"embeddable":true,"href":"https:\/\/hotel-kolovare.com\/hr\/wp-json\/wp\/v2\/comments?post=4389"}],"version-history":[{"count":3,"href":"https:\/\/hotel-kolovare.com\/hr\/wp-json\/wp\/v2\/pages\/4389\/revisions"}],"predecessor-version":[{"id":4528,"href":"https:\/\/hotel-kolovare.com\/hr\/wp-json\/wp\/v2\/pages\/4389\/revisions\/4528"}],"wp:attachment":[{"href":"https:\/\/hotel-kolovare.com\/hr\/wp-json\/wp\/v2\/media?parent=4389"}],"curies":[{"name":"wp","href":"https:\/\/api.w.org\/{rel}","templated":true}]}}