{"id":4386,"date":"2020-12-11T09:29:18","date_gmt":"2020-12-11T09:29:18","guid":{"rendered":"http:\/\/hotel-kolovare.com\/how-to-reach-us\/"},"modified":"2020-12-23T13:32:14","modified_gmt":"2020-12-23T13:32:14","slug":"how-to-reach-us","status":"publish","type":"page","link":"https:\/\/hotel-kolovare.com\/hr\/how-to-reach-us\/","title":{"rendered":"Kako do nas"},"content":{"rendered":"<p>[vc_row][vc_column][vc_empty_space height=&#8221;50px&#8221;][vc_column_text css=&#8221;{}&#8221; uniqid=&#8221;5fdb2238dffc5&#8243;]<\/p>\n<h3><span style=\"font-size: 24px;\">Zrakom<\/span><\/h3>\n<p>Zadarska Zra\u010dna luka Zemunik (ZAD), dobro povezana sa svim ve\u0107im gradovima Hrvatske i Europe, od Zadra je udaljena samo desetak minuta vo\u017enje.<\/p>\n<h3><span style=\"font-size: 24px;\">Automobilom<\/span><\/h3>\n<p>U Zadar se mo\u017ee do\u0107i iz vi\u0161e smjerova, ali dr\u017eavnom autocestom A1 u smjeru Zagreb &#8211; Split sti\u017ee se najbr\u017ee se i najkvalitetnije. Silazak s autoceste najbolje je obaviti na \u010dvoru Zadar istok ili Zadar zapad, a potom produ\u017eiti dr\u017eavnom cestom za Zadar.<\/p>\n<p>Ukoliko dolazite iz smjera Rijeke, koristite se Jadranskom magistralom \u2013 dr\u017eavnom cestom D-8.<\/p>\n<h3><span style=\"font-size: 24px;\">Trajektom <\/span><\/h3>\n<p>Ako dolazite iz smjera Italije, najkra\u0107a mogu\u0107a ruta je preko Ancone trajektom do Zadra.<\/p>\n<p>Putovanje traje 8 sati (obi\u010dno s polaskom u 22:00, a dolaskom u 06:00 sati), a njegova je prednost \u0161to je puno lagodnije i manje stresno od putovanja drugim vrstama prijevoza.<\/p>\n<h3><span style=\"font-size: 24px;\">Autobusom<\/span><\/h3>\n<p>Zadar je sredi\u0161te sjeverne Dalmacije i dobro je povezan sa svim hrvatskim gradovima i ve\u0107im europskim sredi\u0161tima.[\/vc_column_text][vc_empty_space][vc_raw_html]JTNDaWZyYW1lJTIwc3JjJTNEJTIyaHR0cHMlM0ElMkYlMkZ3d3cuZ29vZ2xlLmNvbSUyRm1hcHMlMkZlbWJlZCUzRnBiJTNEJTIxMW0xNCUyMTFtOCUyMTFtMyUyMTFkMTE0NTkuNzE3MzUyMDczODYlMjEyZDE1LjIzNTQ1MSUyMTNkNDQuMTA1NDUlMjEzbTIlMjExaTEwMjQlMjEyaTc2OCUyMTRmMTMuMSUyMTNtMyUyMTFtMiUyMTFzMHgwJTI1M0EweDAlMjEyek5EVENzREEySnpFNUxqWWlUaUF4TmNLd01UUW5NRGN1TmlKRiUyMTVlMCUyMTNtMiUyMTFzZW4lMjEyc3VzJTIxNHYxNjA4MTk2NzUxMzk4JTIxNW0yJTIxMXNlbiUyMTJzdXMlMjIlMjB3aWR0aCUzRCUyMjEwMCUyNSUyMiUyMGhlaWdodCUzRCUyMjQ1MCUyMiUyMGZyYW1lYm9yZGVyJTNEJTIyMCUyMiUyMHN0eWxlJTNEJTIyYm9yZGVyJTNBMCUzQiUyMiUyMGFsbG93ZnVsbHNjcmVlbiUzRCUyMiUyMiUyMGFyaWEtaGlkZGVuJTNEJTIyZmFsc2UlMjIlMjB0YWJpbmRleCUzRCUyMjAlMjIlM0UlM0MlMkZpZnJhbWUlM0U=[\/vc_raw_html][\/vc_column][\/vc_row]<\/p>\n","protected":false},"excerpt":{"rendered":"<p>[vc_row][vc_column][vc_empty_space height=&#8221;50px&#8221;][vc_column_text css=&#8221;{}&#8221; uniqid=&#8221;5fdb2238dffc5&#8243;] Zrakom Zadarska Zra\u010dna luka Zemunik (ZAD), dobro povezana sa svim ve\u0107im gradovima Hrvatske i Europe, od Zadra je udaljena samo desetak minuta vo\u017enje. Automobilom U Zadar se mo\u017ee do\u0107i iz vi\u0161e smjerova, ali dr\u017eavnom autocestom A1 u smjeru Zagreb &#8211; Split sti\u017ee se najbr\u017ee se i najkvalitetnije. Silazak s autoceste najbolje [&hellip;]<\/p>\n","protected":false},"author":1,"featured_media":0,"parent":0,"menu_order":0,"comment_status":"closed","ping_status":"closed","template":"","meta":[],"yoast_head":"<!-- This site is optimized with the Yoast SEO plugin v15.6.2 - https:\/\/yoast.com\/wordpress\/plugins\/seo\/ -->\n<title>Kako do nas - Hotel Kolovare<\/title>\n<meta name=\"robots\" content=\"index, follow, max-snippet:-1, max-image-preview:large, max-video-preview:-1\" \/>\n<link rel=\"canonical\" href=\"https:\/\/hotel-kolovare.com\/hr\/how-to-reach-us\/\" \/>\n<meta property=\"og:locale\" content=\"hr_HR\" \/>\n<meta property=\"og:type\" content=\"article\" \/>\n<meta property=\"og:title\" content=\"Kako do nas - Hotel Kolovare\" \/>\n<meta property=\"og:description\" content=\"[vc_row][vc_column][vc_empty_space height=&#8221;50px&#8221;][vc_column_text css=&#8221;{}&#8221; uniqid=&#8221;5fdb2238dffc5&#8243;] Zrakom Zadarska Zra\u010dna luka Zemunik (ZAD), dobro povezana sa svim ve\u0107im gradovima Hrvatske i Europe, od Zadra je udaljena samo desetak minuta vo\u017enje. Automobilom U Zadar se mo\u017ee do\u0107i iz vi\u0161e smjerova, ali dr\u017eavnom autocestom A1 u smjeru Zagreb &#8211; Split sti\u017ee se najbr\u017ee se i najkvalitetnije. Silazak s autoceste najbolje [&hellip;]\" \/>\n<meta property=\"og:url\" content=\"https:\/\/hotel-kolovare.com\/hr\/how-to-reach-us\/\" \/>\n<meta property=\"og:site_name\" content=\"Hotel Kolovare\" \/>\n<meta property=\"article:modified_time\" content=\"2020-12-23T13:32:14+00:00\" \/>\n<meta name=\"twitter:card\" content=\"summary_large_image\" \/>\n<meta name=\"twitter:label1\" content=\"Procijenjeno vrijeme \u010ditanja\">\n\t<meta name=\"twitter:data1\" content=\"1 minuta\">\n<script type=\"application\/ld+json\" class=\"yoast-schema-graph\">{\"@context\":\"https:\/\/schema.org\",\"@graph\":[{\"@type\":\"WebSite\",\"@id\":\"https:\/\/hotel-kolovare.com\/#website\",\"url\":\"https:\/\/hotel-kolovare.com\/\",\"name\":\"Hotel Kolovare\",\"description\":\"Welcome to Hotel Kolovare Zadar\",\"potentialAction\":[{\"@type\":\"SearchAction\",\"target\":\"https:\/\/hotel-kolovare.com\/?s={search_term_string}\",\"query-input\":\"required name=search_term_string\"}],\"inLanguage\":\"hr\"},{\"@type\":\"WebPage\",\"@id\":\"https:\/\/hotel-kolovare.com\/hr\/how-to-reach-us\/#webpage\",\"url\":\"https:\/\/hotel-kolovare.com\/hr\/how-to-reach-us\/\",\"name\":\"Kako do nas - Hotel Kolovare\",\"isPartOf\":{\"@id\":\"https:\/\/hotel-kolovare.com\/#website\"},\"datePublished\":\"2020-12-11T09:29:18+00:00\",\"dateModified\":\"2020-12-23T13:32:14+00:00\",\"inLanguage\":\"hr\",\"potentialAction\":[{\"@type\":\"ReadAction\",\"target\":[\"https:\/\/hotel-kolovare.com\/hr\/how-to-reach-us\/\"]}]}]}<\/script>\n<!-- \/ Yoast SEO plugin. -->","_links":{"self":[{"href":"https:\/\/hotel-kolovare.com\/hr\/wp-json\/wp\/v2\/pages\/4386"}],"collection":[{"href":"https:\/\/hotel-kolovare.com\/hr\/wp-json\/wp\/v2\/pages"}],"about":[{"href":"https:\/\/hotel-kolovare.com\/hr\/wp-json\/wp\/v2\/types\/page"}],"author":[{"embeddable":true,"href":"https:\/\/hotel-kolovare.com\/hr\/wp-json\/wp\/v2\/users\/1"}],"replies":[{"embeddable":true,"href":"https:\/\/hotel-kolovare.com\/hr\/wp-json\/wp\/v2\/comments?post=4386"}],"version-history":[{"count":2,"href":"https:\/\/hotel-kolovare.com\/hr\/wp-json\/wp\/v2\/pages\/4386\/revisions"}],"predecessor-version":[{"id":4388,"href":"https:\/\/hotel-kolovare.com\/hr\/wp-json\/wp\/v2\/pages\/4386\/revisions\/4388"}],"wp:attachment":[{"href":"https:\/\/hotel-kolovare.com\/hr\/wp-json\/wp\/v2\/media?parent=4386"}],"curies":[{"name":"wp","href":"https:\/\/api.w.org\/{rel}","templated":true}]}}