{"id":4381,"date":"2020-12-11T09:28:09","date_gmt":"2020-12-11T09:28:09","guid":{"rendered":"http:\/\/hotel-kolovare.com\/conferences-and-seminars\/"},"modified":"2021-01-29T12:02:30","modified_gmt":"2021-01-29T12:02:30","slug":"conferences-and-seminars","status":"publish","type":"page","link":"https:\/\/hotel-kolovare.com\/hr\/conferences-and-seminars\/","title":{"rendered":"Kongresi i seminari"},"content":{"rendered":"<p>[vc_row][vc_column width=&#8221;1\/6&#8243;][\/vc_column][vc_column width=&#8221;2\/3&#8243;][vc_empty_space][vc_single_image image=&#8221;4327&#8243; img_size=&#8221;full&#8221; onclick=&#8221;link_image&#8221;][vc_empty_space][vc_column_text css=&#8221;{}&#8221; uniqid=&#8221;5fdb3cc2811a5&#8243;]Hotel Kolovare odli\u010dno je mjesto za organizaciju doga\u0111aja \u2013 bila to radionica, seminar ili konferencija, na\u0161 je tim spreman udovoljiti svim Va\u0161im zahtjevima. Novoobnovljene sobe, predvorje hotela i konferencijske dvorane suvremenog dizajna opremljene su modernom tehnologijom i opremom. Dvorane osvijetljene dnevnom sun\u010devom svjetlosti, opremljene sukladno zahtjevima na\u0161ih klijenata, pru\u017eaju ugodnu atmosferu, dok moderna konferencijska tehnologija omogu\u0107uje profesionalni pristup. \u0160iroki izbor menija pauza za kavu, ru\u010dkova i ve\u010dera fleksibilan je te se lako mo\u017ee prilagoditi individualnim zahtjevima klijenata. Zahvaljuju\u0107i dugoj tradiciji koju imamo u MICE sektoru i dugogodi\u0161njem iskustvu u mnogobrojnim doga\u0111anjima, Hotel Kolovare je na glasu kao ozbiljan i pouzdan partner.<\/p>\n<p>Hotel Kolovare raspola\u017ee s 5 dvorana za kongrese, seminare, sastanke i radionice, s kapacitetom od 20 do 230 osoba, koje su opremljene modernom tehni\u010dkom opremom \u2013 platnom, projektorom, bo\u010dnim LCD ekranima, laptopom, flipchartom, pointerom, ozvu\u010denjem, mikrofonima te pomi\u010dnom govornicom i predsjedateljskim stolom.\u00a0 Opremljenost i postav dvorane prilago\u0111avaju se zahtjevima na\u0161ih klijenata i partnera.<\/p>\n<p>Raspolo\u017eiva tehni\u010dka oprema ne napla\u0107uje se posebno, ve\u0107 je uklju\u010dena u cijenu najma dvorane, a svu dodatnu tehni\u010dku opremu kojom hotel ne raspola\u017ee, mo\u017eemo iznajmiti na zahtjev klijenta.[\/vc_column_text][vc_empty_space][\/vc_column][vc_column width=&#8221;1\/6&#8243;][\/vc_column][\/vc_row][vc_row el_class=&#8221;dvorana&#8221; css=&#8221;{}&#8221; uniqid=&#8221;5fdc6eaf8f8b2&#8243;][vc_column]      <div class=\"heading-block heading-69e39632b1e25 tal h-h2\">\n                  <h2 class=\"h\">Dvorana 1<\/h2>\n              <\/div>\n    [vc_row_inner][vc_column_inner width=&#8221;1\/2&#8243;][vc_images_carousel images=&#8221;4023,4018,4028,4033,4042&#8243; img_size=&#8221;full&#8221; wrap=&#8221;yes&#8221;][\/vc_column_inner][vc_column_inner width=&#8221;1\/2&#8243;][vc_column_text css=&#8221;{}&#8221; uniqid=&#8221;5fdb2f9c7a062&#8243;]Dvorana 1 povr\u0161ine 70 m<sup>2<\/sup>i osvjetljena prirodnim svjetlom, idealna je za sastanke i predavanja za do 60 osoba.Smje\u0161tena je u lobiju hotela, odmah do aperitiv bara, \u0161to pru\u017ea dovoljno prostora za registraciju i mogu\u0107nost naru\u010divanja i poslu\u017eivanja hrane i pi\u0107a u stankama izme\u0111u predavanja. Mo\u017ee se povezati sa susjednom dvoranom 2 u ve\u0107u dvoranu koja mo\u017ee primiti do 160 osoba.<\/p>\n<p>Oprema: projektor, LCD TV, laptop, flip-chart.<\/p>\n<p>Dvoranu je mogu\u0107e slo\u017eiti u sljede\u0107e postave:<\/p>\n<ul>\n<li>\u0161kolski postav za do 45 osoba<\/li>\n<li>kino postav za do 60 osoba<\/li>\n<li>U-postav za do 30 osoba<\/li>\n<li>I-postav za do 26 osoba<\/li>\n<\/ul>\n<p>[\/vc_column_text][\/vc_column_inner][\/vc_row_inner][\/vc_column][\/vc_row][vc_row el_class=&#8221;dvorana&#8221; css=&#8221;{}&#8221; uniqid=&#8221;5fdc6ebd900c7&#8243;][vc_column]      <div class=\"heading-block heading-5fdc6e39a690d tal h-h2\">\n                  <h2 class=\"h\">Dvorana 2<\/h2>\n              <\/div>\n    [vc_row_inner][vc_column_inner width=&#8221;1\/2&#8243;][vc_column_text css=&#8221;{}&#8221; uniqid=&#8221;5fe1e00c07856&#8243;]Dvorana 2 povr\u0161ine 140 m<sup>2<\/sup>osvijetljena je prirodnim svjetlom i opremljena suvremenom tehni\u010dkom audiovizualnom opremom. Predvi\u0111ena je za odr\u017eavanje skupova i seminara za do 120 osoba. Smje\u0161tena je odmah do aperitiv bara \u0161to je \u010dini odli\u010dnim izborom kod organizacije cjelodnevnih skupova s pauzama izme\u0111u predavanja. Mo\u017ee se povezati sa susjednim dvoranama 1 i 3 u ve\u0107u dvoranu kapaciteta do 230 osoba ili se sve tri dvorane mogu koristiti odvojeno za rad u sekcijama.<\/p>\n<p>Oprema: projektor, LCD TV, laptop, flip-chart, ozvu\u010denje, mikrofoni, predsjedateljski stol.<\/p>\n<p>Dvoranu je mogu\u0107e slo\u017eiti u sljede\u0107e postave:<\/p>\n<ul>\n<li>\u0161kolski postav za do 60 osoba<\/li>\n<li>kino postav za do 120 osoba<\/li>\n<li>U-postav za do 60 osoba<\/li>\n<li>I-postav za do 54 osobe<\/li>\n<\/ul>\n<p>[\/vc_column_text][\/vc_column_inner][vc_column_inner width=&#8221;1\/2&#8243;][vc_images_carousel images=&#8221;4067,4072,4077,4082,4087,4092,4097,4102&#8243; img_size=&#8221;full&#8221; wrap=&#8221;yes&#8221;][\/vc_column_inner][\/vc_row_inner][\/vc_column][\/vc_row][vc_row el_class=&#8221;dvorana&#8221; css=&#8221;{}&#8221;][vc_column]      <div class=\"heading-block heading-5fdc820635603 tal h-h2\">\n                  <h2 class=\"h\">Dvorana 3<\/h2>\n              <\/div>\n    [vc_row_inner][vc_column_inner width=&#8221;1\/2&#8243;][vc_images_carousel images=&#8221;4136,4141,4146,4151,4156&#8243; img_size=&#8221;full&#8221; wrap=&#8221;yes&#8221;][\/vc_column_inner][vc_column_inner width=&#8221;1\/2&#8243;][vc_column_text css=&#8221;{}&#8221; uniqid=&#8221;5fdc820c48701&#8243;]Dvorana 3 povr\u0161ine 55 m<sup>2<\/sup>odli\u010dan je izbor za sastanke do 50 osoba. Kao i dvorana 1,nalazi se u neposrednoj blizini aperitiv bara, \u0161to omogu\u0107uje gostima brzo i jednostavno naru\u010divanje pi\u0107a u pauzama.Mo\u017ee se povezati sa susjednom dvoranom 2 u ve\u0107u dvoranu u koju stane do 160 osoba.<\/p>\n<p>Oprema: projektor, platno, laptop, flip-chart.<\/p>\n<p>Dvoranu je mogu\u0107e slo\u017eiti u sljede\u0107e postave:<\/p>\n<ul>\n<li>\u0161kolski postav za do 30 osoba<\/li>\n<li>kino postav za do 50 osoba<\/li>\n<li>U-postav za do 18 osoba<\/li>\n<li>I-postav za do 14 osoba<\/li>\n<\/ul>\n<p>[\/vc_column_text][\/vc_column_inner][\/vc_row_inner][\/vc_column][\/vc_row][vc_row el_class=&#8221;dvorana&#8221; css=&#8221;{}&#8221;][vc_column]      <div class=\"heading-block heading-5fdc8223af03b tal h-h2\">\n                  <h2 class=\"h\">Dvorana 1+2 (ili 2+3)<\/h2>\n              <\/div>\n    [vc_row_inner][vc_column_inner width=&#8221;1\/2&#8243;][vc_column_text css=&#8221;{}&#8221; uniqid=&#8221;5fdc8231bc987&#8243;]Dvorana 1+2 povr\u0161ine 210 m<sup>2<\/sup> odli\u010dan je izbor za sastanke do 160 osoba, nalazi se u neposrednoj blizini aperitiv bara, \u0161to omogu\u0107uje gostima brzo i jednostavno naru\u010divanje pi\u0107a u pauzama. Osvijetljena je prirodnim svjetlom i opremljena suvremenom tehni\u010dkom audiovizualnom opremom.<\/p>\n<p>Oprema: projektor, 3x LCD TV, laptop, flip-chart, ozvu\u010denje, mikrofoni, predsjedateljski stol, govornica.<\/p>\n<p>Dvoranu je mogu\u0107e slo\u017eiti u sljede\u0107e postave:<\/p>\n<ul>\n<li>\u0161kolski postav za do 80 osoba<\/li>\n<li>kino postav za do 180 osoba<\/li>\n<li>U-postav za do 51 osoba<\/li>\n<\/ul>\n<p>[\/vc_column_text][\/vc_column_inner][vc_column_inner width=&#8221;1\/2&#8243;][vc_images_carousel images=&#8221;4162,4167,4172,4177&#8243; img_size=&#8221;full&#8221; wrap=&#8221;yes&#8221;][\/vc_column_inner][\/vc_row_inner][\/vc_column][\/vc_row][vc_row el_class=&#8221;dvorana&#8221; css=&#8221;{}&#8221;][vc_column]      <div class=\"heading-block heading-5fdc8240ca404 tal h-h2\">\n                  <h2 class=\"h\">Dvorana 1+2+3<\/h2>\n              <\/div>\n    [vc_row_inner][vc_column_inner width=&#8221;1\/2&#8243;][vc_images_carousel images=&#8221;4183,4188,4193,4198,4203,4208,4213,4218,4223&#8243; img_size=&#8221;full&#8221; wrap=&#8221;yes&#8221;][\/vc_column_inner][vc_column_inner width=&#8221;1\/2&#8243;][vc_column_text css=&#8221;{}&#8221; uniqid=&#8221;5fdc824b84a4a&#8221;]Dvorana 1+2+3 povr\u0161ine 265 m<sup>2<\/sup> osvijetljena je prirodnim svjetlom i opremljena suvremenom\u00a0 tehni\u010dkom audiovizualnom opremom. Predvi\u0111ena je za odr\u017eavanje skupova i seminara do 230\u00a0 osoba. Smje\u0161tena je odmah do aperitiv bara \u0161to je \u010dini odli\u010dnim izborom kod organizacije cjelodnevnih skupova s pauzama izme\u0111u predavanja. Sve tri dvorane mogu se koristiti odvojeno za rad u sekcijama.<\/p>\n<p>Oprema: projektor, 3x LCD TV, laptop, flip-chart, ozvu\u010denje, mikrofoni, predsjedateljski stol.<\/p>\n<p>Dvoranu je mogu\u0107e slo\u017eiti u sljede\u0107e postave:<\/p>\n<ul>\n<li>\u0161kolski postav za do 120 osoba<\/li>\n<li>kino postav za do 230 osoba<\/li>\n<\/ul>\n<p>[\/vc_column_text][\/vc_column_inner][\/vc_row_inner][\/vc_column][\/vc_row][vc_row el_class=&#8221;dvorana&#8221; css=&#8221;{}&#8221;][vc_column]      <div class=\"heading-block heading-5fdc82573c06f tal h-h2\">\n                  <h2 class=\"h\">Dvorana Kolovare<\/h2>\n              <\/div>\n    [vc_row_inner][vc_column_inner width=&#8221;1\/2&#8243;][vc_column_text css=&#8221;{}&#8221; uniqid=&#8221;5fdc825fdd3ec&#8221;]Dvorana Kolovare s najnovijom sofisticiranom opremom mo\u017ee zadovoljiti potrebe najzahtjevnijih projekata. Povezana je s prostorom vinoteke i a la carte restorana koji su odli\u010dna rje\u0161enja za organizaciju pauza za kavu i domjenaka u sklopu pojedinih kongresa i seminara.<\/p>\n<p>Oprema: projektor, LCD TV, laptop, flip-chart, ozvu\u010denje, mikrofoni, predsjedateljski stol.<\/p>\n<p>Dvoranu je mogu\u0107e slo\u017eiti u sljede\u0107e postave:<\/p>\n<ul>\n<li>\u0161kolski postav za do 80 osoba<\/li>\n<li>kino postav za do 180 osoba<\/li>\n<li>U-postav za do 60 osoba<\/li>\n<li>I-postav za do 50 osoba<\/li>\n<\/ul>\n<p>[\/vc_column_text][\/vc_column_inner][vc_column_inner width=&#8221;1\/2&#8243;][vc_images_carousel images=&#8221;4229,4234,4239,4244,4322,4312,4249&#8243; img_size=&#8221;full&#8221; wrap=&#8221;yes&#8221;][\/vc_column_inner][\/vc_row_inner][\/vc_column][\/vc_row][vc_row el_class=&#8221;dvorana&#8221; css=&#8221;{}&#8221;][vc_column]      <div class=\"heading-block heading-5fdc8271f3fba tal h-h2\">\n                  <h2 class=\"h\">Dvorana 10<\/h2>\n              <\/div>\n    [vc_row_inner][vc_column_inner width=&#8221;1\/2&#8243;][vc_images_carousel images=&#8221;4317,4337&#8243; img_size=&#8221;full&#8221; wrap=&#8221;yes&#8221;][\/vc_column_inner][vc_column_inner width=&#8221;1\/2&#8243;][vc_column_text css=&#8221;{}&#8221; uniqid=&#8221;5fdc82772f20d&#8221;]Dvorana 10 idealna je za organizaciju manjih sastanaka i specijalnih okupljanja, te kao podr\u0161ka seminarima i kongresima s velikim brojem sudionika koji rade u sekcijama.<\/p>\n<p>Oprema: projektor, laptop, flip-chart.<\/p>\n<p>Dvorana ima fiksni I-postav.[\/vc_column_text][\/vc_column_inner][\/vc_row_inner][\/vc_column][\/vc_row][vc_row][vc_column][vc_empty_space][\/vc_column][\/vc_row]<\/p>\n","protected":false},"excerpt":{"rendered":"<p>[vc_row][vc_column width=&#8221;1\/6&#8243;][\/vc_column][vc_column width=&#8221;2\/3&#8243;][vc_empty_space][vc_single_image image=&#8221;4327&#8243; img_size=&#8221;full&#8221; onclick=&#8221;link_image&#8221;][vc_empty_space][vc_column_text css=&#8221;{}&#8221; uniqid=&#8221;5fdb3cc2811a5&#8243;]Hotel Kolovare odli\u010dno je mjesto za organizaciju doga\u0111aja \u2013 bila to radionica, seminar ili konferencija, na\u0161 je tim spreman udovoljiti svim Va\u0161im zahtjevima. Novoobnovljene sobe, predvorje hotela i konferencijske dvorane suvremenog dizajna opremljene su modernom tehnologijom i opremom. Dvorane osvijetljene dnevnom sun\u010devom svjetlosti, opremljene sukladno zahtjevima na\u0161ih klijenata, [&hellip;]<\/p>\n","protected":false},"author":1,"featured_media":0,"parent":0,"menu_order":0,"comment_status":"closed","ping_status":"closed","template":"","meta":[],"yoast_head":"<!-- This site is optimized with the Yoast SEO plugin v15.6.2 - https:\/\/yoast.com\/wordpress\/plugins\/seo\/ -->\n<title>Kongresi i seminari - Hotel Kolovare<\/title>\n<meta name=\"robots\" content=\"index, follow, max-snippet:-1, max-image-preview:large, max-video-preview:-1\" \/>\n<link rel=\"canonical\" href=\"https:\/\/hotel-kolovare.com\/hr\/conferences-and-seminars\/\" \/>\n<meta property=\"og:locale\" content=\"hr_HR\" \/>\n<meta property=\"og:type\" content=\"article\" \/>\n<meta property=\"og:title\" content=\"Kongresi i seminari - Hotel Kolovare\" \/>\n<meta property=\"og:description\" content=\"[vc_row][vc_column width=&#8221;1\/6&#8243;][\/vc_column][vc_column width=&#8221;2\/3&#8243;][vc_empty_space][vc_single_image image=&#8221;4327&#8243; img_size=&#8221;full&#8221; onclick=&#8221;link_image&#8221;][vc_empty_space][vc_column_text css=&#8221;{}&#8221; uniqid=&#8221;5fdb3cc2811a5&#8243;]Hotel Kolovare odli\u010dno je mjesto za organizaciju doga\u0111aja \u2013 bila to radionica, seminar ili konferencija, na\u0161 je tim spreman udovoljiti svim Va\u0161im zahtjevima. Novoobnovljene sobe, predvorje hotela i konferencijske dvorane suvremenog dizajna opremljene su modernom tehnologijom i opremom. Dvorane osvijetljene dnevnom sun\u010devom svjetlosti, opremljene sukladno zahtjevima na\u0161ih klijenata, [&hellip;]\" \/>\n<meta property=\"og:url\" content=\"https:\/\/hotel-kolovare.com\/hr\/conferences-and-seminars\/\" \/>\n<meta property=\"og:site_name\" content=\"Hotel Kolovare\" \/>\n<meta property=\"article:modified_time\" content=\"2021-01-29T12:02:30+00:00\" \/>\n<meta name=\"twitter:card\" content=\"summary_large_image\" \/>\n<meta name=\"twitter:label1\" content=\"Procijenjeno vrijeme \u010ditanja\">\n\t<meta name=\"twitter:data1\" content=\"4 minute\">\n<script type=\"application\/ld+json\" class=\"yoast-schema-graph\">{\"@context\":\"https:\/\/schema.org\",\"@graph\":[{\"@type\":\"WebSite\",\"@id\":\"https:\/\/hotel-kolovare.com\/#website\",\"url\":\"https:\/\/hotel-kolovare.com\/\",\"name\":\"Hotel Kolovare\",\"description\":\"Welcome to Hotel Kolovare Zadar\",\"potentialAction\":[{\"@type\":\"SearchAction\",\"target\":\"https:\/\/hotel-kolovare.com\/?s={search_term_string}\",\"query-input\":\"required name=search_term_string\"}],\"inLanguage\":\"hr\"},{\"@type\":\"WebPage\",\"@id\":\"https:\/\/hotel-kolovare.com\/hr\/conferences-and-seminars\/#webpage\",\"url\":\"https:\/\/hotel-kolovare.com\/hr\/conferences-and-seminars\/\",\"name\":\"Kongresi i seminari - Hotel Kolovare\",\"isPartOf\":{\"@id\":\"https:\/\/hotel-kolovare.com\/#website\"},\"datePublished\":\"2020-12-11T09:28:09+00:00\",\"dateModified\":\"2021-01-29T12:02:30+00:00\",\"inLanguage\":\"hr\",\"potentialAction\":[{\"@type\":\"ReadAction\",\"target\":[\"https:\/\/hotel-kolovare.com\/hr\/conferences-and-seminars\/\"]}]}]}<\/script>\n<!-- \/ Yoast SEO plugin. -->","_links":{"self":[{"href":"https:\/\/hotel-kolovare.com\/hr\/wp-json\/wp\/v2\/pages\/4381"}],"collection":[{"href":"https:\/\/hotel-kolovare.com\/hr\/wp-json\/wp\/v2\/pages"}],"about":[{"href":"https:\/\/hotel-kolovare.com\/hr\/wp-json\/wp\/v2\/types\/page"}],"author":[{"embeddable":true,"href":"https:\/\/hotel-kolovare.com\/hr\/wp-json\/wp\/v2\/users\/1"}],"replies":[{"embeddable":true,"href":"https:\/\/hotel-kolovare.com\/hr\/wp-json\/wp\/v2\/comments?post=4381"}],"version-history":[{"count":6,"href":"https:\/\/hotel-kolovare.com\/hr\/wp-json\/wp\/v2\/pages\/4381\/revisions"}],"predecessor-version":[{"id":4703,"href":"https:\/\/hotel-kolovare.com\/hr\/wp-json\/wp\/v2\/pages\/4381\/revisions\/4703"}],"wp:attachment":[{"href":"https:\/\/hotel-kolovare.com\/hr\/wp-json\/wp\/v2\/media?parent=4381"}],"curies":[{"name":"wp","href":"https:\/\/api.w.org\/{rel}","templated":true}]}}