{"id":4379,"date":"2020-12-11T09:27:50","date_gmt":"2020-12-11T09:27:50","guid":{"rendered":"http:\/\/hotel-kolovare.com\/hotel-accommodation\/"},"modified":"2020-12-23T13:24:26","modified_gmt":"2020-12-23T13:24:26","slug":"hotel-accommodation","status":"publish","type":"page","link":"https:\/\/hotel-kolovare.com\/hr\/hotel-accommodation\/","title":{"rendered":"Smje\u0161taj"},"content":{"rendered":"<p>[vc_row][vc_column][vc_empty_space][vc_column_text css=&#8221;{}&#8221; uniqid=&#8221;5fda068394112&#8243;]Hotel Kolovare raspola\u017ee s 207 smje\u0161tajnih jedinica \u2013 195 soba i 12 apartmana \u2013 s balkonom, grijanjem i klimatizacijom te besplatnim internetom.<\/p>\n<p>U razdoblju od 2017. do 2020. godine sve su sobe renovirane i opremljene namje\u0161tajem hrvatskih proizvo\u0111a\u010da te podijeljene u sljede\u0107e kategorije:[\/vc_column_text][vc_empty_space]\t\t\t\t\t\t\t<div class=\"booking-items filter-block rooms-5fd9f41c8fd7b popup-gallery gap-on image-type-vertical rooms-type-grid\">\n\t\t\t\t\t\n\t\t\t\t\t<div class=\"row\">\n\t\t\t\t\t\t\t\t<div class=\"booking-item istp-item popup-item   col-12 col-sm-12 col-md-4 type2\">\n\t\t\t<div class=\"wrap\">\n\t\t\t\t<div class=\"image-block\">\n\t\t\t\t\t<a href=\"https:\/\/hotel-kolovare.com\/hr\/accommodation\/standard-double-twin-rooms\/\" class=\"permalink book-button\">Rezerviraj sad<\/a>\n\t\t\t\t\t<div class=\"icon base-icon-plus\"><\/div>\n\t\t\t\t\t\t\t\t\t\t\t\t\t\t\t\t\t\t<div class=\"image\" style=\"background-image: url(https:\/\/hotel-kolovare.com\/wp-content\/uploads\/2020\/12\/Kolovare_2020_15.jpg)\">\n\t\t\t\t\t\t\t\t<a href=\"https:\/\/hotel-kolovare.com\/wp-content\/uploads\/2020\/12\/Kolovare_2020_15.jpg\" data-size=\"1200x800\" data-id=\"1\"><\/a>\n\t\t\t\t\t\t\t<\/div>\n\t\t\t\t\t\t\t\t\t\t\t\t\t\t\t\t<div class=\"attributes\">\n\t\t\t\t\t\t<div class=\"attr\"><i class=\"hotel-icon-double-bed\"><\/i><span><\/span><\/div>\n\t\t\t\t\t\t\t\t\t\t\t\t<div class=\"attr\">\n\t\t\t\t\t\t\t<i class=\"hotel-icon-airport\"><\/i>\n\t\t\t\t\t\t\t<span>\n\t\t\t\t\t\t\t\t11 Adult\t\t\t\t\t\t\t<\/span>\n\t\t\t\t\t\t<\/div>\n\t\t\t\t\t\t\t\t\t\t\t\t<div class=\"attr\"><i class=\"hotel-icon-house-plan-scale\"><\/i><span>0 m\u00b2<\/span><\/div>\n\t\t\t\t\t\t<div class=\"attr\"><i class=\"hotel-icon-building\"><\/i><span><\/span><\/div>\n\t\t\t\t\t<\/div>\n\t\t\t\t<\/div>\n\t\t\t\t<div class=\"bottom\">\n\t\t\t\t\t<div class=\"top\">\n\t\t\t\t\t\t<div class=\"title\"><a href=\"https:\/\/hotel-kolovare.com\/hr\/accommodation\/standard-double-twin-rooms\/\" class=\"permalink\">Standard double\/twin sobe<\/a><\/div>\n\t\t\t\t\t\t<div class=\"price\"><span class=\"mphb-price\"><span class=\"mphb-currency\">&#36;<\/span>0<\/span> <span class=\"mphb-price-period\" title=\"Odaberi datum i vidi relevantne cijene\">za no\u0107<\/span><\/div>\n\t\t\t\t\t<\/div>\n\t\t\t\t\t<a href=\"https:\/\/hotel-kolovare.com\/hr\/accommodation\/standard-double-twin-rooms\/\" class=\"button-style2\">\n\t\t\t\t\t\t<span>Detaljnije<\/span>\n\t\t\t\t\t\t<i class=\"base-icon-next-2\"><\/i>\n\t\t\t\t\t<\/a>\n\t\t\t\t<\/div>\n\t\t\t<\/div>\n\t\t<\/div>\n\t\t\t\t<div class=\"booking-item istp-item popup-item   col-12 col-sm-12 col-md-4 type2\">\n\t\t\t<div class=\"wrap\">\n\t\t\t\t<div class=\"image-block\">\n\t\t\t\t\t<a href=\"https:\/\/hotel-kolovare.com\/hr\/accommodation\/superior-double-twin-rooms\/\" class=\"permalink book-button\">Rezerviraj sad<\/a>\n\t\t\t\t\t<div class=\"icon base-icon-plus\"><\/div>\n\t\t\t\t\t\t\t\t\t\t\t\t\t\t\t\t\t\t<div class=\"image\" style=\"background-image: url(https:\/\/hotel-kolovare.com\/wp-content\/uploads\/2020\/12\/Kolovare_63.jpg)\">\n\t\t\t\t\t\t\t\t<a href=\"https:\/\/hotel-kolovare.com\/wp-content\/uploads\/2020\/12\/Kolovare_63.jpg\" data-size=\"1200x800\" data-id=\"2\"><\/a>\n\t\t\t\t\t\t\t<\/div>\n\t\t\t\t\t\t\t\t\t\t\t\t\t\t\t\t<div class=\"attributes\">\n\t\t\t\t\t\t<div class=\"attr\"><i class=\"hotel-icon-double-bed\"><\/i><span><\/span><\/div>\n\t\t\t\t\t\t\t\t\t\t\t\t<div class=\"attr\">\n\t\t\t\t\t\t\t<i class=\"hotel-icon-airport\"><\/i>\n\t\t\t\t\t\t\t<span>\n\t\t\t\t\t\t\t\t11 Adult\t\t\t\t\t\t\t<\/span>\n\t\t\t\t\t\t<\/div>\n\t\t\t\t\t\t\t\t\t\t\t\t<div class=\"attr\"><i class=\"hotel-icon-house-plan-scale\"><\/i><span>0 m\u00b2<\/span><\/div>\n\t\t\t\t\t\t<div class=\"attr\"><i class=\"hotel-icon-building\"><\/i><span><\/span><\/div>\n\t\t\t\t\t<\/div>\n\t\t\t\t<\/div>\n\t\t\t\t<div class=\"bottom\">\n\t\t\t\t\t<div class=\"top\">\n\t\t\t\t\t\t<div class=\"title\"><a href=\"https:\/\/hotel-kolovare.com\/hr\/accommodation\/superior-double-twin-rooms\/\" class=\"permalink\">Superior double\/twin sobe<\/a><\/div>\n\t\t\t\t\t\t<div class=\"price\"><span class=\"mphb-price\"><span class=\"mphb-currency\">&#36;<\/span>0<\/span> <span class=\"mphb-price-period\" title=\"Odaberi datum i vidi relevantne cijene\">za no\u0107<\/span><\/div>\n\t\t\t\t\t<\/div>\n\t\t\t\t\t<a href=\"https:\/\/hotel-kolovare.com\/hr\/accommodation\/superior-double-twin-rooms\/\" class=\"button-style2\">\n\t\t\t\t\t\t<span>Detaljnije<\/span>\n\t\t\t\t\t\t<i class=\"base-icon-next-2\"><\/i>\n\t\t\t\t\t<\/a>\n\t\t\t\t<\/div>\n\t\t\t<\/div>\n\t\t<\/div>\n\t\t\t\t<div class=\"booking-item istp-item popup-item   col-12 col-sm-12 col-md-4 type2\">\n\t\t\t<div class=\"wrap\">\n\t\t\t\t<div class=\"image-block\">\n\t\t\t\t\t<a href=\"https:\/\/hotel-kolovare.com\/hr\/accommodation\/junior-suite\/\" class=\"permalink book-button\">Rezerviraj sad<\/a>\n\t\t\t\t\t<div class=\"icon base-icon-plus\"><\/div>\n\t\t\t\t\t\t\t\t\t\t\t\t\t\t\t\t\t\t<div class=\"image\" style=\"background-image: url(https:\/\/hotel-kolovare.com\/wp-content\/uploads\/2020\/12\/Kolovare_2020_01.jpg)\">\n\t\t\t\t\t\t\t\t<a href=\"https:\/\/hotel-kolovare.com\/wp-content\/uploads\/2020\/12\/Kolovare_2020_01.jpg\" data-size=\"1200x800\" data-id=\"3\"><\/a>\n\t\t\t\t\t\t\t<\/div>\n\t\t\t\t\t\t\t\t\t\t\t\t\t\t\t\t<div class=\"attributes\">\n\t\t\t\t\t\t<div class=\"attr\"><i class=\"hotel-icon-double-bed\"><\/i><span><\/span><\/div>\n\t\t\t\t\t\t\t\t\t\t\t\t<div class=\"attr\">\n\t\t\t\t\t\t\t<i class=\"hotel-icon-airport\"><\/i>\n\t\t\t\t\t\t\t<span>\n\t\t\t\t\t\t\t\t11 Adult\t\t\t\t\t\t\t<\/span>\n\t\t\t\t\t\t<\/div>\n\t\t\t\t\t\t\t\t\t\t\t\t<div class=\"attr\"><i class=\"hotel-icon-house-plan-scale\"><\/i><span>0 m\u00b2<\/span><\/div>\n\t\t\t\t\t\t<div class=\"attr\"><i class=\"hotel-icon-building\"><\/i><span><\/span><\/div>\n\t\t\t\t\t<\/div>\n\t\t\t\t<\/div>\n\t\t\t\t<div class=\"bottom\">\n\t\t\t\t\t<div class=\"top\">\n\t\t\t\t\t\t<div class=\"title\"><a href=\"https:\/\/hotel-kolovare.com\/hr\/accommodation\/junior-suite\/\" class=\"permalink\">Junior suite<\/a><\/div>\n\t\t\t\t\t\t<div class=\"price\"><span class=\"mphb-price\"><span class=\"mphb-currency\">&#36;<\/span>0<\/span> <span class=\"mphb-price-period\" title=\"Odaberi datum i vidi relevantne cijene\">za no\u0107<\/span><\/div>\n\t\t\t\t\t<\/div>\n\t\t\t\t\t<a href=\"https:\/\/hotel-kolovare.com\/hr\/accommodation\/junior-suite\/\" class=\"button-style2\">\n\t\t\t\t\t\t<span>Detaljnije<\/span>\n\t\t\t\t\t\t<i class=\"base-icon-next-2\"><\/i>\n\t\t\t\t\t<\/a>\n\t\t\t\t<\/div>\n\t\t\t<\/div>\n\t\t<\/div>\n\t\t\t\t<div class=\"booking-item istp-item popup-item   col-12 col-sm-12 col-md-4 type2\">\n\t\t\t<div class=\"wrap\">\n\t\t\t\t<div class=\"image-block\">\n\t\t\t\t\t<a href=\"https:\/\/hotel-kolovare.com\/hr\/accommodation\/apartments\/\" class=\"permalink book-button\">Rezerviraj sad<\/a>\n\t\t\t\t\t<div class=\"icon base-icon-plus\"><\/div>\n\t\t\t\t\t\t\t\t\t\t\t\t\t\t\t\t\t\t<div class=\"image\" style=\"background-image: url(https:\/\/hotel-kolovare.com\/wp-content\/uploads\/2020\/12\/kolovare_Superior_Apartment-8.jpg)\">\n\t\t\t\t\t\t\t\t<a href=\"https:\/\/hotel-kolovare.com\/wp-content\/uploads\/2020\/12\/kolovare_Superior_Apartment-8.jpg\" data-size=\"1200x800\" data-id=\"4\"><\/a>\n\t\t\t\t\t\t\t<\/div>\n\t\t\t\t\t\t\t\t\t\t\t\t\t\t\t\t<div class=\"attributes\">\n\t\t\t\t\t\t<div class=\"attr\"><i class=\"hotel-icon-double-bed\"><\/i><span><\/span><\/div>\n\t\t\t\t\t\t\t\t\t\t\t\t<div class=\"attr\">\n\t\t\t\t\t\t\t<i class=\"hotel-icon-airport\"><\/i>\n\t\t\t\t\t\t\t<span>\n\t\t\t\t\t\t\t\t11 Adult\t\t\t\t\t\t\t<\/span>\n\t\t\t\t\t\t<\/div>\n\t\t\t\t\t\t\t\t\t\t\t\t<div class=\"attr\"><i class=\"hotel-icon-house-plan-scale\"><\/i><span>0 m\u00b2<\/span><\/div>\n\t\t\t\t\t\t<div class=\"attr\"><i class=\"hotel-icon-building\"><\/i><span><\/span><\/div>\n\t\t\t\t\t<\/div>\n\t\t\t\t<\/div>\n\t\t\t\t<div class=\"bottom\">\n\t\t\t\t\t<div class=\"top\">\n\t\t\t\t\t\t<div class=\"title\"><a href=\"https:\/\/hotel-kolovare.com\/hr\/accommodation\/apartments\/\" class=\"permalink\">Apartmani<\/a><\/div>\n\t\t\t\t\t\t<div class=\"price\"><span class=\"mphb-price\"><span class=\"mphb-currency\">&#36;<\/span>0<\/span> <span class=\"mphb-price-period\" title=\"Odaberi datum i vidi relevantne cijene\">za no\u0107<\/span><\/div>\n\t\t\t\t\t<\/div>\n\t\t\t\t\t<a href=\"https:\/\/hotel-kolovare.com\/hr\/accommodation\/apartments\/\" class=\"button-style2\">\n\t\t\t\t\t\t<span>Detaljnije<\/span>\n\t\t\t\t\t\t<i class=\"base-icon-next-2\"><\/i>\n\t\t\t\t\t<\/a>\n\t\t\t\t<\/div>\n\t\t\t<\/div>\n\t\t<\/div>\n\t\t\t\t<div class=\"booking-item istp-item popup-item   col-12 col-sm-12 col-md-4 type2\">\n\t\t\t<div class=\"wrap\">\n\t\t\t\t<div class=\"image-block\">\n\t\t\t\t\t<a href=\"https:\/\/hotel-kolovare.com\/hr\/accommodation\/single-standard\/\" class=\"permalink book-button\">Rezerviraj sad<\/a>\n\t\t\t\t\t<div class=\"icon base-icon-plus\"><\/div>\n\t\t\t\t\t\t\t\t\t\t\t\t\t\t\t\t\t\t<div class=\"image\" style=\"background-image: url(https:\/\/hotel-kolovare.com\/wp-content\/uploads\/2020\/12\/Kolovare_73.jpg)\">\n\t\t\t\t\t\t\t\t<a href=\"https:\/\/hotel-kolovare.com\/wp-content\/uploads\/2020\/12\/Kolovare_73.jpg\" data-size=\"1200x800\" data-id=\"5\"><\/a>\n\t\t\t\t\t\t\t<\/div>\n\t\t\t\t\t\t\t\t\t\t\t\t\t\t\t\t<div class=\"attributes\">\n\t\t\t\t\t\t<div class=\"attr\"><i class=\"hotel-icon-double-bed\"><\/i><span><\/span><\/div>\n\t\t\t\t\t\t\t\t\t\t\t\t<div class=\"attr\">\n\t\t\t\t\t\t\t<i class=\"hotel-icon-airport\"><\/i>\n\t\t\t\t\t\t\t<span>\n\t\t\t\t\t\t\t\t11 Adult\t\t\t\t\t\t\t<\/span>\n\t\t\t\t\t\t<\/div>\n\t\t\t\t\t\t\t\t\t\t\t\t<div class=\"attr\"><i class=\"hotel-icon-house-plan-scale\"><\/i><span>0 m\u00b2<\/span><\/div>\n\t\t\t\t\t\t<div class=\"attr\"><i class=\"hotel-icon-building\"><\/i><span><\/span><\/div>\n\t\t\t\t\t<\/div>\n\t\t\t\t<\/div>\n\t\t\t\t<div class=\"bottom\">\n\t\t\t\t\t<div class=\"top\">\n\t\t\t\t\t\t<div class=\"title\"><a href=\"https:\/\/hotel-kolovare.com\/hr\/accommodation\/single-standard\/\" class=\"permalink\">Jednokrevetna soba<\/a><\/div>\n\t\t\t\t\t\t<div class=\"price\"><span class=\"mphb-price\"><span class=\"mphb-currency\">&#36;<\/span>0<\/span> <span class=\"mphb-price-period\" title=\"Odaberi datum i vidi relevantne cijene\">za no\u0107<\/span><\/div>\n\t\t\t\t\t<\/div>\n\t\t\t\t\t<a href=\"https:\/\/hotel-kolovare.com\/hr\/accommodation\/single-standard\/\" class=\"button-style2\">\n\t\t\t\t\t\t<span>Detaljnije<\/span>\n\t\t\t\t\t\t<i class=\"base-icon-next-2\"><\/i>\n\t\t\t\t\t<\/a>\n\t\t\t\t<\/div>\n\t\t\t<\/div>\n\t\t<\/div>\n\t\t\t\t\t\t\t<\/div>\n\n\t\t\t\t\t\n\t\t\t\t<\/div>\n\t\t\t[\/vc_column][\/vc_row]<\/p>\n","protected":false},"excerpt":{"rendered":"<p>[vc_row][vc_column][vc_empty_space][vc_column_text css=&#8221;{}&#8221; uniqid=&#8221;5fda068394112&#8243;]Hotel Kolovare raspola\u017ee s 207 smje\u0161tajnih jedinica \u2013 195 soba i 12 apartmana \u2013 s balkonom, grijanjem i klimatizacijom te besplatnim internetom. U razdoblju od 2017. do 2020. godine sve su sobe renovirane i opremljene namje\u0161tajem hrvatskih proizvo\u0111a\u010da te podijeljene u sljede\u0107e kategorije:[\/vc_column_text][vc_empty_space][\/vc_column][\/vc_row]<\/p>\n","protected":false},"author":1,"featured_media":0,"parent":0,"menu_order":0,"comment_status":"closed","ping_status":"closed","template":"","meta":[],"yoast_head":"<!-- This site is optimized with the Yoast SEO plugin v15.6.2 - https:\/\/yoast.com\/wordpress\/plugins\/seo\/ -->\n<title>Smje\u0161taj - Hotel Kolovare<\/title>\n<meta name=\"robots\" content=\"index, follow, max-snippet:-1, max-image-preview:large, max-video-preview:-1\" \/>\n<link rel=\"canonical\" href=\"https:\/\/hotel-kolovare.com\/hr\/hotel-accommodation\/\" \/>\n<meta property=\"og:locale\" content=\"hr_HR\" \/>\n<meta property=\"og:type\" content=\"article\" \/>\n<meta property=\"og:title\" content=\"Smje\u0161taj - Hotel Kolovare\" \/>\n<meta property=\"og:description\" content=\"[vc_row][vc_column][vc_empty_space][vc_column_text css=&#8221;{}&#8221; uniqid=&#8221;5fda068394112&#8243;]Hotel Kolovare raspola\u017ee s 207 smje\u0161tajnih jedinica \u2013 195 soba i 12 apartmana \u2013 s balkonom, grijanjem i klimatizacijom te besplatnim internetom. U razdoblju od 2017. do 2020. godine sve su sobe renovirane i opremljene namje\u0161tajem hrvatskih proizvo\u0111a\u010da te podijeljene u sljede\u0107e kategorije:[\/vc_column_text][vc_empty_space][\/vc_column][\/vc_row]\" \/>\n<meta property=\"og:url\" content=\"https:\/\/hotel-kolovare.com\/hr\/hotel-accommodation\/\" \/>\n<meta property=\"og:site_name\" content=\"Hotel Kolovare\" \/>\n<meta property=\"article:modified_time\" content=\"2020-12-23T13:24:26+00:00\" \/>\n<meta name=\"twitter:card\" content=\"summary_large_image\" \/>\n<script type=\"application\/ld+json\" class=\"yoast-schema-graph\">{\"@context\":\"https:\/\/schema.org\",\"@graph\":[{\"@type\":\"WebSite\",\"@id\":\"https:\/\/hotel-kolovare.com\/#website\",\"url\":\"https:\/\/hotel-kolovare.com\/\",\"name\":\"Hotel Kolovare\",\"description\":\"Welcome to Hotel Kolovare Zadar\",\"potentialAction\":[{\"@type\":\"SearchAction\",\"target\":\"https:\/\/hotel-kolovare.com\/?s={search_term_string}\",\"query-input\":\"required name=search_term_string\"}],\"inLanguage\":\"hr\"},{\"@type\":\"WebPage\",\"@id\":\"https:\/\/hotel-kolovare.com\/hr\/hotel-accommodation\/#webpage\",\"url\":\"https:\/\/hotel-kolovare.com\/hr\/hotel-accommodation\/\",\"name\":\"Smje\\u0161taj - Hotel Kolovare\",\"isPartOf\":{\"@id\":\"https:\/\/hotel-kolovare.com\/#website\"},\"datePublished\":\"2020-12-11T09:27:50+00:00\",\"dateModified\":\"2020-12-23T13:24:26+00:00\",\"inLanguage\":\"hr\",\"potentialAction\":[{\"@type\":\"ReadAction\",\"target\":[\"https:\/\/hotel-kolovare.com\/hr\/hotel-accommodation\/\"]}]}]}<\/script>\n<!-- \/ Yoast SEO plugin. -->","_links":{"self":[{"href":"https:\/\/hotel-kolovare.com\/hr\/wp-json\/wp\/v2\/pages\/4379"}],"collection":[{"href":"https:\/\/hotel-kolovare.com\/hr\/wp-json\/wp\/v2\/pages"}],"about":[{"href":"https:\/\/hotel-kolovare.com\/hr\/wp-json\/wp\/v2\/types\/page"}],"author":[{"embeddable":true,"href":"https:\/\/hotel-kolovare.com\/hr\/wp-json\/wp\/v2\/users\/1"}],"replies":[{"embeddable":true,"href":"https:\/\/hotel-kolovare.com\/hr\/wp-json\/wp\/v2\/comments?post=4379"}],"version-history":[{"count":1,"href":"https:\/\/hotel-kolovare.com\/hr\/wp-json\/wp\/v2\/pages\/4379\/revisions"}],"predecessor-version":[{"id":4380,"href":"https:\/\/hotel-kolovare.com\/hr\/wp-json\/wp\/v2\/pages\/4379\/revisions\/4380"}],"wp:attachment":[{"href":"https:\/\/hotel-kolovare.com\/hr\/wp-json\/wp\/v2\/media?parent=4379"}],"curies":[{"name":"wp","href":"https:\/\/api.w.org\/{rel}","templated":true}]}}