{"id":4374,"date":"2020-12-11T09:29:29","date_gmt":"2020-12-11T09:29:29","guid":{"rendered":"http:\/\/hotel-kolovare.com\/contact\/"},"modified":"2021-02-25T12:38:58","modified_gmt":"2021-02-25T12:38:58","slug":"contact","status":"publish","type":"page","link":"https:\/\/hotel-kolovare.com\/hr\/contact\/","title":{"rendered":"Kontakt"},"content":{"rendered":"<p>[vc_row full_width=&#8221;stretch_row&#8221; css=&#8221;{}&#8221; uniqid=&#8221;5fdc867770937&#8243; background_color=&#8221;#f9f9f9&#8243;][vc_column][vc_empty_space][vc_row_inner][vc_column_inner width=&#8221;1\/4&#8243;][vc_custom_heading text=&#8221;Adresa&#8221; font_container=&#8221;tag:h3|text_align:center&#8221; use_theme_fonts=&#8221;yes&#8221;][vc_column_text css=&#8221;{}&#8221; uniqid=&#8221;5fe343dc02575&#8243;]<\/p>\n<p style=\"text-align: center;\">Bo\u017ee Peri\u010di\u0107a 14<br \/>\n23 000 Zadar, Hrvatska<\/p>\n<p>[\/vc_column_text][\/vc_column_inner][vc_column_inner width=&#8221;1\/4&#8243;][vc_custom_heading text=&#8221;Telefon&#8221; font_container=&#8221;tag:h3|text_align:center&#8221; use_theme_fonts=&#8221;yes&#8221;][vc_column_text css=&#8221;{}&#8221; uniqid=&#8221;5fdc85113d376&#8243;]<\/p>\n<p style=\"text-align: center;\">+385 23 211 017<br \/>\n+385 23 203 200<\/p>\n<p>[\/vc_column_text][\/vc_column_inner][vc_column_inner width=&#8221;1\/4&#8243;][vc_custom_heading text=&#8221;Email&#8221; font_container=&#8221;tag:h3|text_align:center&#8221; use_theme_fonts=&#8221;yes&#8221;][vc_column_text css=&#8221;{}&#8221; uniqid=&#8221;5fdc85999f2d4&#8243;]<\/p>\n<p style=\"text-align: center;\"><a href=\"mailto:info@hotel-kolovare.com\" target=\"_blank\" rel=\"noopener\">info@hotel-kolovare.com<\/a><\/p>\n<p>[\/vc_column_text][\/vc_column_inner][\/vc_row_inner][vc_empty_space][\/vc_column][\/vc_row][vc_row][vc_column][vc_empty_space][\/vc_column][\/vc_row][vc_row][vc_column][vc_column_text css=&#8221;{}&#8221; uniqid=&#8221;5fdc88490c38e&#8221;]<\/p>\n<h3>Pi\u0161ite nam<\/h3>\n<p>Po\u0161aljite nam poruku i odgovorit \u0107emo Vam u najkra\u0107em mogu\u0107em roku[\/vc_column_text][vc_row_inner][vc_column_inner width=&#8221;1\/2&#8243;][vc_column_text css=&#8221;{}&#8221; uniqid=&#8221;5fdc872477ffd&#8221;]<div role=\"form\" class=\"wpcf7\" id=\"wpcf7-f4376-o1\" lang=\"en-US\" dir=\"ltr\">\n<div class=\"screen-reader-response\"><p role=\"status\" aria-live=\"polite\" aria-atomic=\"true\"><\/p> <ul><\/ul><\/div>\n<form action=\"\/hr\/wp-json\/wp\/v2\/pages\/4374#wpcf7-f4376-o1\" method=\"post\" class=\"wpcf7-form init\" novalidate=\"novalidate\" data-status=\"init\">\n<div style=\"display: none;\">\n<input type=\"hidden\" name=\"_wpcf7\" value=\"4376\" \/>\n<input type=\"hidden\" name=\"_wpcf7_version\" value=\"5.3.2\" \/>\n<input type=\"hidden\" name=\"_wpcf7_locale\" value=\"en_US\" \/>\n<input type=\"hidden\" name=\"_wpcf7_unit_tag\" value=\"wpcf7-f4376-o1\" \/>\n<input type=\"hidden\" name=\"_wpcf7_container_post\" value=\"0\" \/>\n<input type=\"hidden\" name=\"_wpcf7_posted_data_hash\" value=\"\" \/>\n<input type=\"hidden\" name=\"_wpcf7_recaptcha_response\" value=\"\" \/>\n<\/div>\n<div class=\"forma\">\n<label> Va\u0161e ime\n    <span class=\"wpcf7-form-control-wrap your-name\"><input type=\"text\" name=\"your-name\" value=\"\" size=\"40\" class=\"wpcf7-form-control wpcf7-text wpcf7-validates-as-required\" aria-required=\"true\" aria-invalid=\"false\" \/><\/span> <\/label>\n\n<label> Va\u0161 email\n    <span class=\"wpcf7-form-control-wrap your-email\"><input type=\"email\" name=\"your-email\" value=\"\" size=\"40\" class=\"wpcf7-form-control wpcf7-text wpcf7-email wpcf7-validates-as-required wpcf7-validates-as-email\" aria-required=\"true\" aria-invalid=\"false\" \/><\/span> <\/label>\n\n<label> Poruka\n    <span class=\"wpcf7-form-control-wrap your-message\"><textarea name=\"your-message\" cols=\"40\" rows=\"10\" class=\"wpcf7-form-control wpcf7-textarea wpcf7-validates-as-required\" aria-required=\"true\" aria-invalid=\"false\"><\/textarea><\/span> <\/label>\n<p>Va\u0161i podaci pohraniti \u0107e se na email serveru i koristit \u0107e se isklju\u010divo u svrhu komunikacije s Vama nastavno na poslani upit, te se ne\u0107e dijeliti s tre\u0107im stranama bez Va\u0161e izri\u010dite privole.<\/p>\n\n<input type=\"submit\" value=\"Po\u0161alji\" class=\"wpcf7-form-control wpcf7-submit\" \/>\n<\/div><input type='hidden' class='wpcf7-pum' value='{\"closepopup\":false,\"closedelay\":0,\"openpopup\":false,\"openpopup_id\":0}' \/><div class=\"wpcf7-response-output\" aria-hidden=\"true\"><\/div><\/form><\/div>[\/vc_column_text][\/vc_column_inner][vc_column_inner width=&#8221;1\/2&#8243;][vc_empty_space height=&#8221;23px&#8221;][vc_raw_html]JTNDaWZyYW1lJTIwc3JjJTNEJTIyaHR0cHMlM0ElMkYlMkZ3d3cuZ29vZ2xlLmNvbSUyRm1hcHMlMkZlbWJlZCUzRnBiJTNEJTIxMW0xNCUyMTFtOCUyMTFtMyUyMTFkMTE0NTkuNzE3MzUyMDczODYlMjEyZDE1LjIzNTQ1MSUyMTNkNDQuMTA1NDUlMjEzbTIlMjExaTEwMjQlMjEyaTc2OCUyMTRmMTMuMSUyMTNtMyUyMTFtMiUyMTFzMHgwJTI1M0EweDAlMjEyek5EVENzREEySnpFNUxqWWlUaUF4TmNLd01UUW5NRGN1TmlKRiUyMTVlMCUyMTNtMiUyMTFzZW4lMjEyc3VzJTIxNHYxNjA4MTk2NzUxMzk4JTIxNW0yJTIxMXNlbiUyMTJzdXMlMjIlMjB3aWR0aCUzRCUyMjEwMCUyNSUyMiUyMGhlaWdodCUzRCUyMjQ1MCUyMiUyMGZyYW1lYm9yZGVyJTNEJTIyMCUyMiUyMHN0eWxlJTNEJTIyYm9yZGVyJTNBMCUzQiUyMiUyMGFsbG93ZnVsbHNjcmVlbiUzRCUyMiUyMiUyMGFyaWEtaGlkZGVuJTNEJTIyZmFsc2UlMjIlMjB0YWJpbmRleCUzRCUyMjAlMjIlM0UlM0MlMkZpZnJhbWUlM0U=[\/vc_raw_html][\/vc_column_inner][\/vc_row_inner][\/vc_column][\/vc_row][vc_row][vc_column][vc_empty_space][\/vc_column][\/vc_row]<\/p>\n","protected":false},"excerpt":{"rendered":"<p>[vc_row full_width=&#8221;stretch_row&#8221; css=&#8221;{}&#8221; uniqid=&#8221;5fdc867770937&#8243; background_color=&#8221;#f9f9f9&#8243;][vc_column][vc_empty_space][vc_row_inner][vc_column_inner width=&#8221;1\/4&#8243;][vc_custom_heading text=&#8221;Adresa&#8221; font_container=&#8221;tag:h3|text_align:center&#8221; use_theme_fonts=&#8221;yes&#8221;][vc_column_text css=&#8221;{}&#8221; uniqid=&#8221;5fe343dc02575&#8243;] Bo\u017ee Peri\u010di\u0107a 14 23 000 Zadar, Hrvatska [\/vc_column_text][\/vc_column_inner][vc_column_inner width=&#8221;1\/4&#8243;][vc_custom_heading text=&#8221;Telefon&#8221; font_container=&#8221;tag:h3|text_align:center&#8221; use_theme_fonts=&#8221;yes&#8221;][vc_column_text css=&#8221;{}&#8221; uniqid=&#8221;5fdc85113d376&#8243;] +385 23 211 017 +385 23 203 200 [\/vc_column_text][\/vc_column_inner][vc_column_inner width=&#8221;1\/4&#8243;][vc_custom_heading text=&#8221;Email&#8221; font_container=&#8221;tag:h3|text_align:center&#8221; use_theme_fonts=&#8221;yes&#8221;][vc_column_text css=&#8221;{}&#8221; uniqid=&#8221;5fdc85999f2d4&#8243;] info@hotel-kolovare.com [\/vc_column_text][\/vc_column_inner][\/vc_row_inner][vc_empty_space][\/vc_column][\/vc_row][vc_row][vc_column][vc_empty_space][\/vc_column][\/vc_row][vc_row][vc_column][vc_column_text css=&#8221;{}&#8221; uniqid=&#8221;5fdc88490c38e&#8221;] Pi\u0161ite nam Po\u0161aljite nam poruku i odgovorit \u0107emo Vam u najkra\u0107em [&hellip;]<\/p>\n","protected":false},"author":1,"featured_media":0,"parent":0,"menu_order":0,"comment_status":"closed","ping_status":"closed","template":"","meta":[],"yoast_head":"<!-- This site is optimized with the Yoast SEO plugin v15.6.2 - https:\/\/yoast.com\/wordpress\/plugins\/seo\/ -->\n<title>Kontakt - Hotel Kolovare<\/title>\n<meta name=\"robots\" content=\"index, follow, max-snippet:-1, max-image-preview:large, max-video-preview:-1\" \/>\n<link rel=\"canonical\" href=\"https:\/\/hotel-kolovare.com\/hr\/contact\/\" \/>\n<meta property=\"og:locale\" content=\"hr_HR\" \/>\n<meta property=\"og:type\" content=\"article\" \/>\n<meta property=\"og:title\" content=\"Kontakt - Hotel Kolovare\" \/>\n<meta property=\"og:description\" content=\"[vc_row full_width=&#8221;stretch_row&#8221; css=&#8221;{}&#8221; uniqid=&#8221;5fdc867770937&#8243; background_color=&#8221;#f9f9f9&#8243;][vc_column][vc_empty_space][vc_row_inner][vc_column_inner width=&#8221;1\/4&#8243;][vc_custom_heading text=&#8221;Adresa&#8221; font_container=&#8221;tag:h3|text_align:center&#8221; use_theme_fonts=&#8221;yes&#8221;][vc_column_text css=&#8221;{}&#8221; uniqid=&#8221;5fe343dc02575&#8243;] Bo\u017ee Peri\u010di\u0107a 14 23 000 Zadar, Hrvatska [\/vc_column_text][\/vc_column_inner][vc_column_inner width=&#8221;1\/4&#8243;][vc_custom_heading text=&#8221;Telefon&#8221; font_container=&#8221;tag:h3|text_align:center&#8221; use_theme_fonts=&#8221;yes&#8221;][vc_column_text css=&#8221;{}&#8221; uniqid=&#8221;5fdc85113d376&#8243;] +385 23 211 017 +385 23 203 200 [\/vc_column_text][\/vc_column_inner][vc_column_inner width=&#8221;1\/4&#8243;][vc_custom_heading text=&#8221;Email&#8221; font_container=&#8221;tag:h3|text_align:center&#8221; use_theme_fonts=&#8221;yes&#8221;][vc_column_text css=&#8221;{}&#8221; uniqid=&#8221;5fdc85999f2d4&#8243;] info@hotel-kolovare.com [\/vc_column_text][\/vc_column_inner][\/vc_row_inner][vc_empty_space][\/vc_column][\/vc_row][vc_row][vc_column][vc_empty_space][\/vc_column][\/vc_row][vc_row][vc_column][vc_column_text css=&#8221;{}&#8221; uniqid=&#8221;5fdc88490c38e&#8221;] Pi\u0161ite nam Po\u0161aljite nam poruku i odgovorit \u0107emo Vam u najkra\u0107em [&hellip;]\" \/>\n<meta property=\"og:url\" content=\"https:\/\/hotel-kolovare.com\/hr\/contact\/\" \/>\n<meta property=\"og:site_name\" content=\"Hotel Kolovare\" \/>\n<meta property=\"article:modified_time\" content=\"2021-02-25T12:38:58+00:00\" \/>\n<meta name=\"twitter:card\" content=\"summary_large_image\" \/>\n<meta name=\"twitter:label1\" content=\"Procijenjeno vrijeme \u010ditanja\">\n\t<meta name=\"twitter:data1\" content=\"1 minuta\">\n<script type=\"application\/ld+json\" class=\"yoast-schema-graph\">{\"@context\":\"https:\/\/schema.org\",\"@graph\":[{\"@type\":\"WebSite\",\"@id\":\"https:\/\/hotel-kolovare.com\/#website\",\"url\":\"https:\/\/hotel-kolovare.com\/\",\"name\":\"Hotel Kolovare\",\"description\":\"Welcome to Hotel Kolovare Zadar\",\"potentialAction\":[{\"@type\":\"SearchAction\",\"target\":\"https:\/\/hotel-kolovare.com\/?s={search_term_string}\",\"query-input\":\"required name=search_term_string\"}],\"inLanguage\":\"hr\"},{\"@type\":\"WebPage\",\"@id\":\"https:\/\/hotel-kolovare.com\/hr\/contact\/#webpage\",\"url\":\"https:\/\/hotel-kolovare.com\/hr\/contact\/\",\"name\":\"Kontakt - Hotel Kolovare\",\"isPartOf\":{\"@id\":\"https:\/\/hotel-kolovare.com\/#website\"},\"datePublished\":\"2020-12-11T09:29:29+00:00\",\"dateModified\":\"2021-02-25T12:38:58+00:00\",\"inLanguage\":\"hr\",\"potentialAction\":[{\"@type\":\"ReadAction\",\"target\":[\"https:\/\/hotel-kolovare.com\/hr\/contact\/\"]}]}]}<\/script>\n<!-- \/ Yoast SEO plugin. -->","_links":{"self":[{"href":"https:\/\/hotel-kolovare.com\/hr\/wp-json\/wp\/v2\/pages\/4374"}],"collection":[{"href":"https:\/\/hotel-kolovare.com\/hr\/wp-json\/wp\/v2\/pages"}],"about":[{"href":"https:\/\/hotel-kolovare.com\/hr\/wp-json\/wp\/v2\/types\/page"}],"author":[{"embeddable":true,"href":"https:\/\/hotel-kolovare.com\/hr\/wp-json\/wp\/v2\/users\/1"}],"replies":[{"embeddable":true,"href":"https:\/\/hotel-kolovare.com\/hr\/wp-json\/wp\/v2\/comments?post=4374"}],"version-history":[{"count":5,"href":"https:\/\/hotel-kolovare.com\/hr\/wp-json\/wp\/v2\/pages\/4374\/revisions"}],"predecessor-version":[{"id":4751,"href":"https:\/\/hotel-kolovare.com\/hr\/wp-json\/wp\/v2\/pages\/4374\/revisions\/4751"}],"wp:attachment":[{"href":"https:\/\/hotel-kolovare.com\/hr\/wp-json\/wp\/v2\/media?parent=4374"}],"curies":[{"name":"wp","href":"https:\/\/api.w.org\/{rel}","templated":true}]}}