{"id":4371,"date":"2020-12-11T09:29:01","date_gmt":"2020-12-11T09:29:01","guid":{"rendered":"http:\/\/hotel-kolovare.com\/destination\/"},"modified":"2020-12-23T13:08:16","modified_gmt":"2020-12-23T13:08:16","slug":"destination","status":"publish","type":"page","link":"https:\/\/hotel-kolovare.com\/hr\/destination\/","title":{"rendered":"Destinacija"},"content":{"rendered":"<p>[vc_row full_width=&#8221;stretch_row_content_no_spaces&#8221; equal_height=&#8221;yes&#8221; css=&#8221;{}&#8221; uniqid=&#8221;5fdb3074c7707&#8243;][vc_column width=&#8221;1\/2&#8243; css=&#8221;{}&#8221; uniqid=&#8221;5fdb317599f0f&#8221; background_image=&#8221;3900&#8243; el_class=&#8221;min-height-col&#8221;][\/vc_column][vc_column width=&#8221;1\/2&#8243;][vc_column_text css=&#8221;{&#8220;mobile_portrait&#8220;: {&#8220;padding-top&#8220;: &#8220;50&#8220;,&#8220;padding-right&#8220;: &#8220;50&#8220;,&#8220;padding-bottom&#8220;: &#8220;50&#8220;,&#8220;padding-left&#8220;: &#8220;50&#8220;}}&#8221; uniqid=&#8221;5fdb2f9c7a062&#8243;]<\/p>\n<h2>Odli\u010dna prometna povezanost<\/h2>\n<p>Povoljan geografski polo\u017eaji neprestano ulaganje u cestovnu infrastrukturu omogu\u0107ili su Zadru da postane jedan od prometno najbolje povezanih gradova u Hrvatskoj.<\/p>\n<p>Grad Zadar lako je dostupna destinacija kopnom, morem i zrakom. Ima odli\u010dnu prometnu infrastrukturu, kojom je izravno spojen s ostalim ve\u0107im gradovima Republike Hrvatske: Zagrebom, Rijekom, Splitom i Dubrovnikom.<\/p>\n<p>Samo 3 kilometra od centra grada smje\u0161tena je nova putni\u010dka luka Ga\u017eenica, koja je 2019. progla\u0161ena lukom godine na najpresti\u017enijoj dodjeli nagrada lukama za kru\u017ena putovanja Seatrade Cruise Awards 2019. odr\u017eanoj u Hamburgu.<\/p>\n<p>Mala ali suvremena me\u0111unarodna Zra\u010dna luka Zadar dobro je povezana s ve\u0107im hrvatskim i europskim gradovima, a od Zadra je udaljena samo 12 km.<\/p>\n<p>Od Zagreba, Rijeke ili Splita dijeli ga svega par sati vo\u017enje suvremenim autocestama.<\/p>\n<p>Kojim god putem odlu\u010dite do\u0107i u Zadar, prirodne ljepote njegova krajolika ne\u0107e Vas ostaviti ravnodu\u0161nima.[\/vc_column_text][\/vc_column][\/vc_row][vc_row full_width=&#8221;stretch_row_content_no_spaces&#8221; equal_height=&#8221;yes&#8221; css=&#8221;{}&#8221; uniqid=&#8221;5fdb31bfbf482&#8243;][vc_column width=&#8221;1\/2&#8243;][vc_column_text css=&#8221;{&#8220;mobile_portrait&#8220;: {&#8220;padding-top&#8220;: &#8220;50&#8220;,&#8220;padding-right&#8220;: &#8220;50&#8220;,&#8220;padding-bottom&#8220;: &#8220;50&#8220;,&#8220;padding-left&#8220;: &#8220;50&#8220;}}&#8221; uniqid=&#8221;5fdb2fb3ed62c&#8221;]<\/p>\n<h2>Zadar<\/h2>\n<p>Zadar je grad iznimne povijesti i izuzetno vrijednog kulturnog naslije\u0111a. Smje\u0161ten u samom srcu Jadrana, Zadar \u010dini urbano sredi\u0161te Sjeverne Dalmacije kao administrativni, privredni, kulturni i politi\u010dki centar regije u kojem \u017eivi 75.000 stanovnika. Brojne turisti\u010dke atraktivnosti, autohtone gurmanske delikatese, kulturne znamenitosti, suvremeni sportski objekti, te raznovrsni izletni\u010dki program, \u010dine Zadar pravom destinacijom za organizaciju doga\u0111anja, odmor, sport i zabavu.<\/p>\n<p>Zadar je jedno od najpopularnijih hrvatskih turisti\u010dkih odredi\u0161ta, kojeg je i londonski Times proglasio\u00a0\u201esredi\u0161tem zabave na Jadranu\u201c, a Guardian\u00a0\u201enovom hrvatskom prijestolnicom cool-a\u201c .<\/p>\n<p>Grad je prava riznica arheolo\u0161kog i spomeni\u010dkog blaga anti\u010dkog, srednjovjekovnog i renesansnog razdoblja, kao i brojnih suvremenih arhitektonskih ostvarenja poput prvih Morskih orgulja na svijetu, te atraktivne instalacije Pozdrav suncu.<\/p>\n<p>Vi\u0161estoljetna burna povijest, razaranja i stvaranja, ostavili su o\u017eiljke, ali i brojne zapise vremena, dana\u0161nju vrijednu spomeni\u010dku ba\u0161tinu grada. Iz svih povijesnih razdoblja sa\u010duvane su brojne crkve i spomenici kulture na kojima su vidljiva umjetni\u010dka graditeljstva svih stilova. Njih 70-ak nalazi se u samoj povijesnoj jezgri grada, dok njegovi ostali dijelovi s u\u017eom i \u0161irom okolicom broje preko 600 spomenika kulture.[\/vc_column_text][\/vc_column][vc_column width=&#8221;1\/2&#8243; css=&#8221;{}&#8221; uniqid=&#8221;5fdb31ee0f6fa&#8221; background_image=&#8221;3950&#8243; el_class=&#8221;min-height-col&#8221;][\/vc_column][\/vc_row]<\/p>\n","protected":false},"excerpt":{"rendered":"<p>[vc_row full_width=&#8221;stretch_row_content_no_spaces&#8221; equal_height=&#8221;yes&#8221; css=&#8221;{}&#8221; uniqid=&#8221;5fdb3074c7707&#8243;][vc_column width=&#8221;1\/2&#8243; css=&#8221;{}&#8221; uniqid=&#8221;5fdb317599f0f&#8221; background_image=&#8221;3900&#8243; el_class=&#8221;min-height-col&#8221;][\/vc_column][vc_column width=&#8221;1\/2&#8243;][vc_column_text css=&#8221;{&#8220;mobile_portrait&#8220;: {&#8220;padding-top&#8220;: &#8220;50&#8220;,&#8220;padding-right&#8220;: &#8220;50&#8220;,&#8220;padding-bottom&#8220;: &#8220;50&#8220;,&#8220;padding-left&#8220;: &#8220;50&#8220;}}&#8221; uniqid=&#8221;5fdb2f9c7a062&#8243;] Odli\u010dna prometna povezanost Povoljan geografski polo\u017eaji neprestano ulaganje u cestovnu infrastrukturu omogu\u0107ili su Zadru da postane jedan od prometno najbolje povezanih gradova u Hrvatskoj. Grad Zadar lako je dostupna destinacija kopnom, morem i zrakom. Ima odli\u010dnu prometnu [&hellip;]<\/p>\n","protected":false},"author":1,"featured_media":0,"parent":0,"menu_order":0,"comment_status":"closed","ping_status":"closed","template":"","meta":[],"yoast_head":"<!-- This site is optimized with the Yoast SEO plugin v15.6.2 - https:\/\/yoast.com\/wordpress\/plugins\/seo\/ -->\n<title>Destinacija - Hotel Kolovare<\/title>\n<meta name=\"robots\" content=\"index, follow, max-snippet:-1, max-image-preview:large, max-video-preview:-1\" \/>\n<link rel=\"canonical\" href=\"https:\/\/hotel-kolovare.com\/hr\/destination\/\" \/>\n<meta property=\"og:locale\" content=\"hr_HR\" \/>\n<meta property=\"og:type\" content=\"article\" \/>\n<meta property=\"og:title\" content=\"Destinacija - Hotel Kolovare\" \/>\n<meta property=\"og:description\" content=\"[vc_row full_width=&#8221;stretch_row_content_no_spaces&#8221; equal_height=&#8221;yes&#8221; css=&#8221;{}&#8221; uniqid=&#8221;5fdb3074c7707&#8243;][vc_column width=&#8221;1\/2&#8243; css=&#8221;{}&#8221; uniqid=&#8221;5fdb317599f0f&#8221; background_image=&#8221;3900&#8243; el_class=&#8221;min-height-col&#8221;][\/vc_column][vc_column width=&#8221;1\/2&#8243;][vc_column_text css=&#8221;{&#8220;mobile_portrait&#8220;: {&#8220;padding-top&#8220;: &#8220;50&#8220;,&#8220;padding-right&#8220;: &#8220;50&#8220;,&#8220;padding-bottom&#8220;: &#8220;50&#8220;,&#8220;padding-left&#8220;: &#8220;50&#8220;}}&#8221; uniqid=&#8221;5fdb2f9c7a062&#8243;] Odli\u010dna prometna povezanost Povoljan geografski polo\u017eaji neprestano ulaganje u cestovnu infrastrukturu omogu\u0107ili su Zadru da postane jedan od prometno najbolje povezanih gradova u Hrvatskoj. Grad Zadar lako je dostupna destinacija kopnom, morem i zrakom. Ima odli\u010dnu prometnu [&hellip;]\" \/>\n<meta property=\"og:url\" content=\"https:\/\/hotel-kolovare.com\/hr\/destination\/\" \/>\n<meta property=\"og:site_name\" content=\"Hotel Kolovare\" \/>\n<meta property=\"article:modified_time\" content=\"2020-12-23T13:08:16+00:00\" \/>\n<meta name=\"twitter:card\" content=\"summary_large_image\" \/>\n<meta name=\"twitter:label1\" content=\"Procijenjeno vrijeme \u010ditanja\">\n\t<meta name=\"twitter:data1\" content=\"2 minute\">\n<script type=\"application\/ld+json\" class=\"yoast-schema-graph\">{\"@context\":\"https:\/\/schema.org\",\"@graph\":[{\"@type\":\"WebSite\",\"@id\":\"https:\/\/hotel-kolovare.com\/#website\",\"url\":\"https:\/\/hotel-kolovare.com\/\",\"name\":\"Hotel Kolovare\",\"description\":\"Welcome to Hotel Kolovare Zadar\",\"potentialAction\":[{\"@type\":\"SearchAction\",\"target\":\"https:\/\/hotel-kolovare.com\/?s={search_term_string}\",\"query-input\":\"required name=search_term_string\"}],\"inLanguage\":\"hr\"},{\"@type\":\"WebPage\",\"@id\":\"https:\/\/hotel-kolovare.com\/hr\/destination\/#webpage\",\"url\":\"https:\/\/hotel-kolovare.com\/hr\/destination\/\",\"name\":\"Destinacija - Hotel Kolovare\",\"isPartOf\":{\"@id\":\"https:\/\/hotel-kolovare.com\/#website\"},\"datePublished\":\"2020-12-11T09:29:01+00:00\",\"dateModified\":\"2020-12-23T13:08:16+00:00\",\"inLanguage\":\"hr\",\"potentialAction\":[{\"@type\":\"ReadAction\",\"target\":[\"https:\/\/hotel-kolovare.com\/hr\/destination\/\"]}]}]}<\/script>\n<!-- \/ Yoast SEO plugin. -->","_links":{"self":[{"href":"https:\/\/hotel-kolovare.com\/hr\/wp-json\/wp\/v2\/pages\/4371"}],"collection":[{"href":"https:\/\/hotel-kolovare.com\/hr\/wp-json\/wp\/v2\/pages"}],"about":[{"href":"https:\/\/hotel-kolovare.com\/hr\/wp-json\/wp\/v2\/types\/page"}],"author":[{"embeddable":true,"href":"https:\/\/hotel-kolovare.com\/hr\/wp-json\/wp\/v2\/users\/1"}],"replies":[{"embeddable":true,"href":"https:\/\/hotel-kolovare.com\/hr\/wp-json\/wp\/v2\/comments?post=4371"}],"version-history":[{"count":2,"href":"https:\/\/hotel-kolovare.com\/hr\/wp-json\/wp\/v2\/pages\/4371\/revisions"}],"predecessor-version":[{"id":4373,"href":"https:\/\/hotel-kolovare.com\/hr\/wp-json\/wp\/v2\/pages\/4371\/revisions\/4373"}],"wp:attachment":[{"href":"https:\/\/hotel-kolovare.com\/hr\/wp-json\/wp\/v2\/media?parent=4371"}],"curies":[{"name":"wp","href":"https:\/\/api.w.org\/{rel}","templated":true}]}}