{"id":4367,"date":"2020-12-11T09:27:37","date_gmt":"2020-12-11T09:27:37","guid":{"rendered":"http:\/\/hotel-kolovare.com\/about\/"},"modified":"2020-12-23T13:04:31","modified_gmt":"2020-12-23T13:04:31","slug":"about","status":"publish","type":"page","link":"https:\/\/hotel-kolovare.com\/hr\/about\/","title":{"rendered":"O hotelu"},"content":{"rendered":"<p>[vc_row full_width=&#8221;stretch_row_content_no_spaces&#8221; equal_height=&#8221;yes&#8221; css=&#8221;{}&#8221; uniqid=&#8221;5fdb3074c7707&#8243;][vc_column width=&#8221;1\/2&#8243; css=&#8221;{}&#8221; uniqid=&#8221;5fdb317599f0f&#8221; background_image=&#8221;3978&#8243; el_class=&#8221;min-height-col&#8221;][\/vc_column][vc_column width=&#8221;1\/2&#8243;][vc_column_text css=&#8221;{&#8220;mobile_portrait&#8220;: {&#8220;padding-top&#8220;: &#8220;50&#8220;,&#8220;padding-right&#8220;: &#8220;50&#8220;,&#8220;padding-bottom&#8220;: &#8220;50&#8220;,&#8220;padding-left&#8220;: &#8220;50&#8220;}}&#8221; uniqid=&#8221;5fdb2f9c7a062&#8243;]<\/p>\n<h2>Hotel Kolovare<\/h2>\n<p>Nedaleko od povijesnih znamenitosti starodrevnog Zadra, u mirnom i slikovitom predjelu grada nalazi se HOTEL KOLOVARE.<\/p>\n<p>Hotel predstavlja moderno i originalno arhitektonsko zdanje, prilago\u0111eno mediteranskom podneblju, sa suvremeno ure\u0111enim i luksuzno opremljenim klimatiziranim sobama. Kapacitet hotela je 195 soba i 12 apartmana. Pored soba koje su ure\u0111ene tako da zadovoljavaju najvi\u0161e zahtjeve, tu su jo\u0161 i hotelski restoran s do 250 sjede\u0107ih mjesta, \u00e0 la carte restoran s vinotekom, aperitiv bar, salon za masa\u017eu i kongresne dvorane, a od vanjskih sadr\u017eaja otvoreni bazen za djecu i odrasle, sportsko-rekreacijski centar s igrali\u0161tima za tenis i prostrano hotelsko parkirali\u0161te.[\/vc_column_text][\/vc_column][\/vc_row][vc_row full_width=&#8221;stretch_row_content_no_spaces&#8221; equal_height=&#8221;yes&#8221; css=&#8221;{}&#8221; uniqid=&#8221;5fdb31bfbf482&#8243;][vc_column width=&#8221;1\/2&#8243;][vc_column_text css=&#8221;{&#8220;mobile_portrait&#8220;: {&#8220;padding-top&#8220;: &#8220;50&#8220;,&#8220;padding-right&#8220;: &#8220;50&#8220;,&#8220;padding-bottom&#8220;: &#8220;50&#8220;,&#8220;padding-left&#8220;: &#8220;50&#8220;}}&#8221; uniqid=&#8221;5fdb2fb3ed62c&#8221;]Hotel Kolovare ima odli\u010dne uvjete za organizaciju raznovrsnih doga\u0111anja. Veliki izbor i mogu\u0107nost kombiniranja dvorana \u010dine ga idealnim mjestom za organizaciju radionica, konferencija, prezentacija i drugih doga\u0111anja. Smje\u0161ten je na izvrsnoj lokaciji, samo 500 metara od autobusnog kolodvora i airport shuttla, 10 kilometara od zra\u010dne luke i 3 kilometra od trajektne luke Ga\u017eenica te pristupne ceste za autocestu A1.<\/p>\n<p>Ispred hotela prote\u017ee se \u0161ljun\u010dana gradska pla\u017ea Kolovare s pogledom na Zadarski kanal i otoke te istoimeno \u0161etali\u0161te kojim se za samo desetak minuta sti\u017ee do starog gradskog sredi\u0161ta.<\/p>\n<p>Blizina sredi\u0161ta grada, njegove kulturne i povijesne ba\u0161tine, te brojne mogu\u0107nosti izleta u bli\u017eu okolicu, okru\u017eenu nacionalnim parkovima i parkovima prirode, pru\u017eit \u0107e vam sadr\u017eajan i ugodan boravak u na\u0161oj sredini.[\/vc_column_text][\/vc_column][vc_column width=&#8221;1\/2&#8243; css=&#8221;{}&#8221; uniqid=&#8221;5fdb31ee0f6fa&#8221; background_image=&#8221;3983&#8243; el_class=&#8221;min-height-col&#8221;][\/vc_column][\/vc_row]<\/p>\n","protected":false},"excerpt":{"rendered":"<p>[vc_row full_width=&#8221;stretch_row_content_no_spaces&#8221; equal_height=&#8221;yes&#8221; css=&#8221;{}&#8221; uniqid=&#8221;5fdb3074c7707&#8243;][vc_column width=&#8221;1\/2&#8243; css=&#8221;{}&#8221; uniqid=&#8221;5fdb317599f0f&#8221; background_image=&#8221;3978&#8243; el_class=&#8221;min-height-col&#8221;][\/vc_column][vc_column width=&#8221;1\/2&#8243;][vc_column_text css=&#8221;{&#8220;mobile_portrait&#8220;: {&#8220;padding-top&#8220;: &#8220;50&#8220;,&#8220;padding-right&#8220;: &#8220;50&#8220;,&#8220;padding-bottom&#8220;: &#8220;50&#8220;,&#8220;padding-left&#8220;: &#8220;50&#8220;}}&#8221; uniqid=&#8221;5fdb2f9c7a062&#8243;] Hotel Kolovare Nedaleko od povijesnih znamenitosti starodrevnog Zadra, u mirnom i slikovitom predjelu grada nalazi se HOTEL KOLOVARE. Hotel predstavlja moderno i originalno arhitektonsko zdanje, prilago\u0111eno mediteranskom podneblju, sa suvremeno ure\u0111enim i luksuzno opremljenim klimatiziranim sobama. Kapacitet [&hellip;]<\/p>\n","protected":false},"author":1,"featured_media":0,"parent":0,"menu_order":0,"comment_status":"closed","ping_status":"closed","template":"","meta":[],"yoast_head":"<!-- This site is optimized with the Yoast SEO plugin v15.6.2 - https:\/\/yoast.com\/wordpress\/plugins\/seo\/ -->\n<title>O hotelu - Hotel Kolovare<\/title>\n<meta name=\"robots\" content=\"index, follow, max-snippet:-1, max-image-preview:large, max-video-preview:-1\" \/>\n<link rel=\"canonical\" href=\"https:\/\/hotel-kolovare.com\/hr\/about\/\" \/>\n<meta property=\"og:locale\" content=\"hr_HR\" \/>\n<meta property=\"og:type\" content=\"article\" \/>\n<meta property=\"og:title\" content=\"O hotelu - Hotel Kolovare\" \/>\n<meta property=\"og:description\" content=\"[vc_row full_width=&#8221;stretch_row_content_no_spaces&#8221; equal_height=&#8221;yes&#8221; css=&#8221;{}&#8221; uniqid=&#8221;5fdb3074c7707&#8243;][vc_column width=&#8221;1\/2&#8243; css=&#8221;{}&#8221; uniqid=&#8221;5fdb317599f0f&#8221; background_image=&#8221;3978&#8243; el_class=&#8221;min-height-col&#8221;][\/vc_column][vc_column width=&#8221;1\/2&#8243;][vc_column_text css=&#8221;{&#8220;mobile_portrait&#8220;: {&#8220;padding-top&#8220;: &#8220;50&#8220;,&#8220;padding-right&#8220;: &#8220;50&#8220;,&#8220;padding-bottom&#8220;: &#8220;50&#8220;,&#8220;padding-left&#8220;: &#8220;50&#8220;}}&#8221; uniqid=&#8221;5fdb2f9c7a062&#8243;] Hotel Kolovare Nedaleko od povijesnih znamenitosti starodrevnog Zadra, u mirnom i slikovitom predjelu grada nalazi se HOTEL KOLOVARE. Hotel predstavlja moderno i originalno arhitektonsko zdanje, prilago\u0111eno mediteranskom podneblju, sa suvremeno ure\u0111enim i luksuzno opremljenim klimatiziranim sobama. Kapacitet [&hellip;]\" \/>\n<meta property=\"og:url\" content=\"https:\/\/hotel-kolovare.com\/hr\/about\/\" \/>\n<meta property=\"og:site_name\" content=\"Hotel Kolovare\" \/>\n<meta property=\"article:modified_time\" content=\"2020-12-23T13:04:31+00:00\" \/>\n<meta name=\"twitter:card\" content=\"summary_large_image\" \/>\n<meta name=\"twitter:label1\" content=\"Procijenjeno vrijeme \u010ditanja\">\n\t<meta name=\"twitter:data1\" content=\"2 minute\">\n<script type=\"application\/ld+json\" class=\"yoast-schema-graph\">{\"@context\":\"https:\/\/schema.org\",\"@graph\":[{\"@type\":\"WebSite\",\"@id\":\"https:\/\/hotel-kolovare.com\/#website\",\"url\":\"https:\/\/hotel-kolovare.com\/\",\"name\":\"Hotel Kolovare\",\"description\":\"Welcome to Hotel Kolovare Zadar\",\"potentialAction\":[{\"@type\":\"SearchAction\",\"target\":\"https:\/\/hotel-kolovare.com\/?s={search_term_string}\",\"query-input\":\"required name=search_term_string\"}],\"inLanguage\":\"hr\"},{\"@type\":\"WebPage\",\"@id\":\"https:\/\/hotel-kolovare.com\/hr\/about\/#webpage\",\"url\":\"https:\/\/hotel-kolovare.com\/hr\/about\/\",\"name\":\"O hotelu - Hotel Kolovare\",\"isPartOf\":{\"@id\":\"https:\/\/hotel-kolovare.com\/#website\"},\"datePublished\":\"2020-12-11T09:27:37+00:00\",\"dateModified\":\"2020-12-23T13:04:31+00:00\",\"inLanguage\":\"hr\",\"potentialAction\":[{\"@type\":\"ReadAction\",\"target\":[\"https:\/\/hotel-kolovare.com\/hr\/about\/\"]}]}]}<\/script>\n<!-- \/ Yoast SEO plugin. -->","_links":{"self":[{"href":"https:\/\/hotel-kolovare.com\/hr\/wp-json\/wp\/v2\/pages\/4367"}],"collection":[{"href":"https:\/\/hotel-kolovare.com\/hr\/wp-json\/wp\/v2\/pages"}],"about":[{"href":"https:\/\/hotel-kolovare.com\/hr\/wp-json\/wp\/v2\/types\/page"}],"author":[{"embeddable":true,"href":"https:\/\/hotel-kolovare.com\/hr\/wp-json\/wp\/v2\/users\/1"}],"replies":[{"embeddable":true,"href":"https:\/\/hotel-kolovare.com\/hr\/wp-json\/wp\/v2\/comments?post=4367"}],"version-history":[{"count":1,"href":"https:\/\/hotel-kolovare.com\/hr\/wp-json\/wp\/v2\/pages\/4367\/revisions"}],"predecessor-version":[{"id":4368,"href":"https:\/\/hotel-kolovare.com\/hr\/wp-json\/wp\/v2\/pages\/4367\/revisions\/4368"}],"wp:attachment":[{"href":"https:\/\/hotel-kolovare.com\/hr\/wp-json\/wp\/v2\/media?parent=4367"}],"curies":[{"name":"wp","href":"https:\/\/api.w.org\/{rel}","templated":true}]}}